{"id":485,"date":"2018-04-03T11:37:03","date_gmt":"2018-04-03T09:37:03","guid":{"rendered":"http:\/\/airandme.org\/fr\/?page_id=485"},"modified":"2021-04-22T13:26:57","modified_gmt":"2021-04-22T11:26:57","slug":"our-partners","status":"publish","type":"page","link":"https:\/\/test.airandme.org\/ar\/who-is-air-and-me\/our-partners\/","title":{"rendered":"\u0634\u0631\u064a\u0643\u0646\u0627"},"content":{"rendered":"<p style=\"text-align: left;\"><img decoding=\"async\" class=\"wp-image-288  alignleft\" src=\"http:\/\/airandme.org\/wp-content\/uploads\/2018\/03\/AirPaca.png\" width=\"89\" height=\"43\" \/> <a href=\"http:\/\/www.airpaca.org\">www.atmosud.org<\/a> : \u0627\u0644\u0634\u0631\u064a\u0643 \u0627\u0644\u0631\u0626\u064a\u0633\u064a \u0644\u0644\u0628\u0631\u0646\u0627\u0645\u062c \u0645\u0646\u0630 \u0625\u0646\u0634\u0627\u0626\u0647 &#8211; \u064a\u062f\u0639\u0645 \u062a\u0637\u0648\u064a\u0631 \u0623\u0646\u0627 \u0648 \u0627\u0644\u0647\u0648\u0627\u0621 \u0641\u064a \u0645\u0646\u0637\u0642\u0629 PACA.<\/p>\n<p>&nbsp;<\/p>\n<p style=\"text-align: left;\">\u0628\u0641\u0636\u0644 \u0647\u0630\u0647 \u0627\u0644\u0634\u0631\u0627\u0643\u0629 \u060c \u062d\u0635\u0644\u062a \u0623\u0646\u0627 \u0648 \u0627\u0644\u0647\u0648\u0627\u0621 \u0639\u0644\u0649 \u062f\u0639\u0645 \u0627\u0644\u0627\u062a\u062d\u0627\u062f \u0627\u0644\u0623\u0648\u0631\u0648\u0628\u064a \u0645\u0646 \u062e\u0644\u0627\u0644 \u0645\u0634\u0631\u0648\u0639 SH&#8217;AIR \u060c \u0648\u0648\u0643\u0627\u0644\u0629 \u0627\u0644\u0635\u062d\u0629 \u0627\u0644\u0625\u0642\u0644\u064a\u0645\u064a\u0629 \u060c \u0648\u0627\u0644\u0645\u062f\u064a\u0631\u064a\u0629 \u0627\u0644\u0625\u0642\u0644\u064a\u0645\u064a\u0629 \u0644\u0644\u0628\u064a\u0626\u0629 \u0648\u0627\u0644\u062a\u062e\u0637\u064a\u0637 \u0648\u0627\u0644\u062a\u0646\u0645\u064a\u0629 \u0648 \u0627\u0644\u0633\u0643\u0646 \u0643\u062c\u0632\u0621 \u0645\u0646 \u062e\u0637\u0629 \u0627\u0644\u0635\u062d\u0629 \u0648\u0627\u0644\u0628\u064a\u0626\u0629 \u0627\u0644\u0625\u0642\u0644\u064a\u0645\u064a\u0629<\/p>\n<p style=\"text-align: left;\">\u0643\u0645\u0627 \u062d\u0635\u0644\u062a \u0623\u0646\u0627 \u0648 \u0627\u0644\u0647\u0648\u0627\u0621 \u0639\u0644\u0649 \u062f\u0639\u0645 \u0645\u0646 \u0645\u0646\u0637\u0642\u0629 PACA \u0648\u0623\u0643\u0627\u062f\u064a\u0645\u064a\u0629 Aix-Marseille \u00a0\u00a0\u00a0\u00a0\u0644\u062a\u0637\u0648\u064a\u0631 \u00a0\u0623\u0646\u0627 \u0627\u0644\u062b\u0627\u0646\u0648\u064a\u0629 \u0641\u064a \u00a0\u0627\u0644\u0647\u0648\u0627\u0621 \u0648<\/p>\n<ul>\n<li>\u064a\u0639\u062a\u0645\u062f \u0623\u0646\u0627 \u0648 \u0627\u0644\u0647\u0648\u0627\u0621 \u0639\u0644\u0649 \u0627\u0644\u062a\u0639\u0627\u0648\u0646<br \/>\u0634\u0631\u0643\u0627\u0621 \u0633\u0641\u0631\u0627\u0621 \u0644\u0644\u0628\u0631\u0646\u0627\u0645\u062c \u0641\u064a \u0627\u0644\u062e\u0627\u0631\u062c \u060c \u0628\u0645\u0627 \u0641\u064a \u0630\u0644\u0643: \u0627\u0646\u0627 \u0648 \u0627\u0644\u0647\u0648\u0627\u0621 \u0628\u0625\u064a\u0637\u0627\u0644\u064a\u0627\u060c \u0628\u0627\u0644\u0645\u063a\u0631\u0628\u060c \u0628\u0641\u0631\u0646\u0633\u0627\u060c &#8230;<\/li>\n<\/ul>\n<p>&nbsp;<\/p>\n<ul>\n<li><strong>Local partners in the PACA Region<\/strong>: Maison d\u2019\u00e9cologie de Provence, OCCE, Les Petits D\u00e9brouillards PACA, , MMCO (84, 04 05), M\u00e9diterran\u00e9e 2000 (06), CPIE d\u2019Aix (13), Envirobat BDM (83), and many high schools and schools among the PACA region \u2026<\/li>\n<\/ul>\n<p>&nbsp;<\/p>\n<p><img decoding=\"async\" class=\"alignnone wp-image-884 \" src=\"http:\/\/airandme.org\/wp-content\/uploads\/2018\/06\/logo_mep.jpg\" alt=\"Maison de l'\u00e9cologie de Provence\" width=\"190\" height=\"116\" \/><a href=\"https:\/\/www.occe13.fr\/\"><img decoding=\"async\" class=\"alignnone  wp-image-886\" src=\"http:\/\/airandme.org\/wp-content\/uploads\/2018\/06\/logo_occe13-150x150.png\" alt=\"occe13\" width=\"119\" height=\"119\" \/><\/a><a href=\"https:\/\/www.lespetitsdebrouillardspaca.org\/-13-Bouches-du-Rhone-.html\"><img loading=\"lazy\" decoding=\"async\" class=\"alignnone  wp-image-887\" src=\"http:\/\/airandme.org\/wp-content\/uploads\/2018\/06\/logo_petits_debrouillards-150x150.png\" alt=\"les petits d\u00e9brouillards\" width=\"134\" height=\"134\" srcset=\"https:\/\/test.airandme.org\/wp-content\/uploads\/2018\/06\/logo_petits_debrouillards-150x150.png 150w, https:\/\/test.airandme.org\/wp-content\/uploads\/2018\/06\/logo_petits_debrouillards.png 220w\" sizes=\"(max-width: 134px) 100vw, 134px\" \/><\/a><\/p>\n","protected":false},"excerpt":{"rendered":"<p>www.atmosud.org : \u0627\u0644\u0634\u0631\u064a\u0643 \u0627\u0644\u0631\u0626\u064a\u0633\u064a \u0644\u0644\u0628\u0631\u0646\u0627\u0645\u062c \u0645\u0646\u0630 \u0625\u0646\u0634\u0627\u0626\u0647 &#8211; \u064a\u062f\u0639\u0645 \u062a\u0637\u0648\u064a\u0631 \u0623\u0646\u0627 \u0648 \u0627\u0644\u0647\u0648\u0627\u0621 \u0641\u064a \u0645\u0646\u0637\u0642\u0629 PACA. &nbsp; \u0628\u0641\u0636\u0644 \u0647\u0630\u0647 \u0627\u0644\u0634\u0631\u0627\u0643\u0629 \u060c \u062d\u0635\u0644\u062a \u0623\u0646\u0627 \u0648 \u0627\u0644\u0647\u0648\u0627\u0621 \u0639\u0644\u0649 \u062f\u0639\u0645 \u0627\u0644\u0627\u062a\u062d\u0627\u062f \u0627\u0644\u0623\u0648\u0631\u0648\u0628\u064a \u0645\u0646 \u062e\u0644\u0627\u0644 \u0645\u0634\u0631\u0648\u0639 SH&#8217;AIR \u060c \u0648\u0648\u0643\u0627\u0644\u0629 \u0627\u0644\u0635\u062d\u0629 \u0627\u0644\u0625\u0642\u0644\u064a\u0645\u064a\u0629 \u060c \u0648\u0627\u0644\u0645\u062f\u064a\u0631\u064a\u0629 \u0627\u0644\u0625\u0642\u0644\u064a\u0645\u064a\u0629 \u0644\u0644\u0628\u064a\u0626\u0629 \u0648\u0627\u0644\u062a\u062e\u0637\u064a\u0637 \u0648\u0627\u0644\u062a\u0646\u0645\u064a\u0629 \u0648 \u0627\u0644\u0633\u0643\u0646 \u0643\u062c\u0632\u0621 \u0645\u0646 \u062e\u0637\u0629 \u0627\u0644\u0635\u062d\u0629 \u0648\u0627\u0644\u0628\u064a\u0626\u0629 \u0627\u0644\u0625\u0642\u0644\u064a\u0645\u064a\u0629 \u0643\u0645\u0627 \u062d\u0635\u0644\u062a \u0623\u0646\u0627 \u0648&hellip; <br \/> <a class=\"button small blue\" href=\"https:\/\/test.airandme.org\/ar\/who-is-air-and-me\/our-partners\/\">Read more<\/a><\/p>\n","protected":false},"author":1,"featured_media":0,"parent":133,"menu_order":2,"comment_status":"closed","ping_status":"closed","template":"","meta":{"footnotes":""},"class_list":["post-485","page","type-page","status-publish","hentry"],"yoast_head":"<!-- This site is optimized with the Yoast SEO plugin v26.8 - https:\/\/yoast.com\/product\/yoast-seo-wordpress\/ -->\n<title>\u0634\u0631\u064a\u0643\u0646\u0627<\/title>\n<meta name=\"robots\" content=\"index, follow, max-snippet:-1, max-image-preview:large, max-video-preview:-1\" \/>\n<link rel=\"canonical\" href=\"https:\/\/test.airandme.org\/ar\/who-is-air-and-me\/our-partners\/\" \/>\n<meta property=\"og:locale\" content=\"ar_AR\" \/>\n<meta property=\"og:locale:alternate\" content=\"en_US\" \/>\n<meta property=\"og:locale:alternate\" content=\"fr_FR\" \/>\n<meta property=\"og:locale:alternate\" content=\"es\" \/>\n<meta property=\"og:locale:alternate\" content=\"it\" \/>\n<meta property=\"og:locale:alternate\" content=\"de\" \/>\n<meta property=\"og:locale:alternate\" content=\"da\" \/>\n<meta property=\"og:locale:alternate\" content=\"zh\" \/>\n<meta property=\"og:locale:alternate\" content=\"pl\" \/>\n<meta property=\"og:type\" content=\"article\" \/>\n<meta property=\"og:title\" content=\"\u0634\u0631\u064a\u0643\u0646\u0627\" \/>\n<meta property=\"og:description\" content=\"www.atmosud.org : \u0627\u0644\u0634\u0631\u064a\u0643 \u0627\u0644\u0631\u0626\u064a\u0633\u064a \u0644\u0644\u0628\u0631\u0646\u0627\u0645\u062c \u0645\u0646\u0630 \u0625\u0646\u0634\u0627\u0626\u0647 &#8211; \u064a\u062f\u0639\u0645 \u062a\u0637\u0648\u064a\u0631 \u0623\u0646\u0627 \u0648 \u0627\u0644\u0647\u0648\u0627\u0621 \u0641\u064a \u0645\u0646\u0637\u0642\u0629 PACA. &nbsp; \u0628\u0641\u0636\u0644 \u0647\u0630\u0647 \u0627\u0644\u0634\u0631\u0627\u0643\u0629 \u060c \u062d\u0635\u0644\u062a \u0623\u0646\u0627 \u0648 \u0627\u0644\u0647\u0648\u0627\u0621 \u0639\u0644\u0649 \u062f\u0639\u0645 \u0627\u0644\u0627\u062a\u062d\u0627\u062f \u0627\u0644\u0623\u0648\u0631\u0648\u0628\u064a \u0645\u0646 \u062e\u0644\u0627\u0644 \u0645\u0634\u0631\u0648\u0639 SH&#8217;AIR \u060c \u0648\u0648\u0643\u0627\u0644\u0629 \u0627\u0644\u0635\u062d\u0629 \u0627\u0644\u0625\u0642\u0644\u064a\u0645\u064a\u0629 \u060c \u0648\u0627\u0644\u0645\u062f\u064a\u0631\u064a\u0629 \u0627\u0644\u0625\u0642\u0644\u064a\u0645\u064a\u0629 \u0644\u0644\u0628\u064a\u0626\u0629 \u0648\u0627\u0644\u062a\u062e\u0637\u064a\u0637 \u0648\u0627\u0644\u062a\u0646\u0645\u064a\u0629 \u0648 \u0627\u0644\u0633\u0643\u0646 \u0643\u062c\u0632\u0621 \u0645\u0646 \u062e\u0637\u0629 \u0627\u0644\u0635\u062d\u0629 \u0648\u0627\u0644\u0628\u064a\u0626\u0629 \u0627\u0644\u0625\u0642\u0644\u064a\u0645\u064a\u0629 \u0643\u0645\u0627 \u062d\u0635\u0644\u062a \u0623\u0646\u0627 \u0648&hellip; Read more\" \/>\n<meta property=\"og:url\" content=\"https:\/\/test.airandme.org\/ar\/who-is-air-and-me\/our-partners\/\" \/>\n<meta property=\"og:site_name\" content=\"Air and Me\" \/>\n<meta property=\"article:publisher\" content=\"https:\/\/www.facebook.com\/lairetmoi\/\" \/>\n<meta property=\"article:modified_time\" content=\"2021-04-22T11:26:57+00:00\" \/>\n<meta property=\"og:image\" content=\"http:\/\/airandme.org\/wp-content\/uploads\/2018\/03\/AirPaca.png\" \/>\n<meta name=\"twitter:card\" content=\"summary_large_image\" \/>\n<meta name=\"twitter:site\" content=\"@lairetmoi\" \/>\n<meta name=\"twitter:label1\" content=\"\u0648\u0642\u062a \u0627\u0644\u0642\u0631\u0627\u0621\u0629 \u0627\u0644\u0645\u064f\u0642\u062f\u0651\u0631\" \/>\n\t<meta name=\"twitter:data1\" content=\"\u062f\u0642\u064a\u0642\u062a\u0627\u0646\" \/>\n<script type=\"application\/ld+json\" class=\"yoast-schema-graph\">{\"@context\":\"https:\/\/schema.org\",\"@graph\":[{\"@type\":\"WebPage\",\"@id\":\"https:\/\/test.airandme.org\/de\/who-is-air-and-me\/our-partners\/\",\"url\":\"https:\/\/test.airandme.org\/de\/who-is-air-and-me\/our-partners\/\",\"name\":\"\u0634\u0631\u064a\u0643\u0646\u0627\",\"isPartOf\":{\"@id\":\"https:\/\/test.airandme.org\/de\/#website\"},\"primaryImageOfPage\":{\"@id\":\"https:\/\/test.airandme.org\/de\/who-is-air-and-me\/our-partners\/#primaryimage\"},\"image\":{\"@id\":\"https:\/\/test.airandme.org\/de\/who-is-air-and-me\/our-partners\/#primaryimage\"},\"thumbnailUrl\":\"http:\/\/airandme.org\/wp-content\/uploads\/2018\/03\/AirPaca.png\",\"datePublished\":\"2018-04-03T09:37:03+00:00\",\"dateModified\":\"2021-04-22T11:26:57+00:00\",\"breadcrumb\":{\"@id\":\"https:\/\/test.airandme.org\/de\/who-is-air-and-me\/our-partners\/#breadcrumb\"},\"inLanguage\":\"ar\",\"potentialAction\":[{\"@type\":\"ReadAction\",\"target\":[\"https:\/\/test.airandme.org\/de\/who-is-air-and-me\/our-partners\/\"]}]},{\"@type\":\"ImageObject\",\"inLanguage\":\"ar\",\"@id\":\"https:\/\/test.airandme.org\/de\/who-is-air-and-me\/our-partners\/#primaryimage\",\"url\":\"http:\/\/airandme.org\/wp-content\/uploads\/2018\/03\/AirPaca.png\",\"contentUrl\":\"http:\/\/airandme.org\/wp-content\/uploads\/2018\/03\/AirPaca.png\"},{\"@type\":\"BreadcrumbList\",\"@id\":\"https:\/\/test.airandme.org\/de\/who-is-air-and-me\/our-partners\/#breadcrumb\",\"itemListElement\":[{\"@type\":\"ListItem\",\"position\":1,\"name\":\"Accueil\",\"item\":\"https:\/\/test.airandme.org\/de\/\"},{\"@type\":\"ListItem\",\"position\":2,\"name\":\"Wer sind wir ?\",\"item\":\"https:\/\/test.airandme.org\/de\/who-is-air-and-me\/\"},{\"@type\":\"ListItem\",\"position\":3,\"name\":\"Unsere Partner\"}]},{\"@type\":\"WebSite\",\"@id\":\"https:\/\/test.airandme.org\/de\/#website\",\"url\":\"https:\/\/test.airandme.org\/de\/\",\"name\":\"Air and Me\",\"description\":\"\",\"publisher\":{\"@id\":\"https:\/\/test.airandme.org\/de\/#organization\"},\"potentialAction\":[{\"@type\":\"SearchAction\",\"target\":{\"@type\":\"EntryPoint\",\"urlTemplate\":\"https:\/\/test.airandme.org\/de\/?s={search_term_string}\"},\"query-input\":{\"@type\":\"PropertyValueSpecification\",\"valueRequired\":true,\"valueName\":\"search_term_string\"}}],\"inLanguage\":\"ar\"},{\"@type\":\"Organization\",\"@id\":\"https:\/\/test.airandme.org\/de\/#organization\",\"name\":\"F\u00e9d\u00e9ration L'Air et Moi\",\"url\":\"https:\/\/test.airandme.org\/de\/\",\"logo\":{\"@type\":\"ImageObject\",\"inLanguage\":\"ar\",\"@id\":\"https:\/\/test.airandme.org\/de\/#\/schema\/logo\/image\/\",\"url\":\"https:\/\/test.airandme.org\/wp-content\/uploads\/2018\/03\/AAME_.png\",\"contentUrl\":\"https:\/\/test.airandme.org\/wp-content\/uploads\/2018\/03\/AAME_.png\",\"width\":441,\"height\":179,\"caption\":\"F\u00e9d\u00e9ration L'Air et Moi\"},\"image\":{\"@id\":\"https:\/\/test.airandme.org\/de\/#\/schema\/logo\/image\/\"},\"sameAs\":[\"https:\/\/www.facebook.com\/lairetmoi\/\",\"https:\/\/x.com\/lairetmoi\",\"https:\/\/www.youtube.com\/channel\/UCcguTqo1uDOSJcik4GveZhw\"]}]}<\/script>\n<!-- \/ Yoast SEO plugin. -->","yoast_head_json":{"title":"\u0634\u0631\u064a\u0643\u0646\u0627","robots":{"index":"index","follow":"follow","max-snippet":"max-snippet:-1","max-image-preview":"max-image-preview:large","max-video-preview":"max-video-preview:-1"},"canonical":"https:\/\/test.airandme.org\/ar\/who-is-air-and-me\/our-partners\/","og_locale":"ar_AR","og_type":"article","og_title":"[:en]Our parteners[:fr]Nos partenaires[:es]Nuestros socios[:it]I nostri partners di progetto[:de]Unsere Partner[:ar]\u0634\u0631\u064a\u0643\u0646\u0627[:da]Vores partnere[:zh]\u5408\u4f5c\u4f19\u4f34[:pl]Nasi partnerzy[:] &#183; Air and Me","og_description":"www.atmosud.org : \u0627\u0644\u0634\u0631\u064a\u0643 \u0627\u0644\u0631\u0626\u064a\u0633\u064a \u0644\u0644\u0628\u0631\u0646\u0627\u0645\u062c \u0645\u0646\u0630 \u0625\u0646\u0634\u0627\u0626\u0647 &#8211; \u064a\u062f\u0639\u0645 \u062a\u0637\u0648\u064a\u0631 \u0623\u0646\u0627 \u0648 \u0627\u0644\u0647\u0648\u0627\u0621 \u0641\u064a \u0645\u0646\u0637\u0642\u0629 PACA. &nbsp; \u0628\u0641\u0636\u0644 \u0647\u0630\u0647 \u0627\u0644\u0634\u0631\u0627\u0643\u0629 \u060c \u062d\u0635\u0644\u062a \u0623\u0646\u0627 \u0648 \u0627\u0644\u0647\u0648\u0627\u0621 \u0639\u0644\u0649 \u062f\u0639\u0645 \u0627\u0644\u0627\u062a\u062d\u0627\u062f \u0627\u0644\u0623\u0648\u0631\u0648\u0628\u064a \u0645\u0646 \u062e\u0644\u0627\u0644 \u0645\u0634\u0631\u0648\u0639 SH&#8217;AIR \u060c \u0648\u0648\u0643\u0627\u0644\u0629 \u0627\u0644\u0635\u062d\u0629 \u0627\u0644\u0625\u0642\u0644\u064a\u0645\u064a\u0629 \u060c \u0648\u0627\u0644\u0645\u062f\u064a\u0631\u064a\u0629 \u0627\u0644\u0625\u0642\u0644\u064a\u0645\u064a\u0629 \u0644\u0644\u0628\u064a\u0626\u0629 \u0648\u0627\u0644\u062a\u062e\u0637\u064a\u0637 \u0648\u0627\u0644\u062a\u0646\u0645\u064a\u0629 \u0648 \u0627\u0644\u0633\u0643\u0646 \u0643\u062c\u0632\u0621 \u0645\u0646 \u062e\u0637\u0629 \u0627\u0644\u0635\u062d\u0629 \u0648\u0627\u0644\u0628\u064a\u0626\u0629 \u0627\u0644\u0625\u0642\u0644\u064a\u0645\u064a\u0629 \u0643\u0645\u0627 \u062d\u0635\u0644\u062a \u0623\u0646\u0627 \u0648&hellip; Read more","og_url":"https:\/\/test.airandme.org\/ar\/who-is-air-and-me\/our-partners\/","og_site_name":"Air and Me","article_publisher":"https:\/\/www.facebook.com\/lairetmoi\/","article_modified_time":"2021-04-22T11:26:57+00:00","og_image":[{"url":"http:\/\/airandme.org\/wp-content\/uploads\/2018\/03\/AirPaca.png","type":"","width":"","height":""}],"twitter_card":"summary_large_image","twitter_site":"@lairetmoi","twitter_misc":{"\u0648\u0642\u062a \u0627\u0644\u0642\u0631\u0627\u0621\u0629 \u0627\u0644\u0645\u064f\u0642\u062f\u0651\u0631":"\u062f\u0642\u064a\u0642\u062a\u0627\u0646"},"schema":{"@context":"https:\/\/schema.org","@graph":[{"@type":"WebPage","@id":"https:\/\/test.airandme.org\/de\/who-is-air-and-me\/our-partners\/","url":"https:\/\/test.airandme.org\/de\/who-is-air-and-me\/our-partners\/","name":"\u0634\u0631\u064a\u0643\u0646\u0627","isPartOf":{"@id":"https:\/\/test.airandme.org\/de\/#website"},"primaryImageOfPage":{"@id":"https:\/\/test.airandme.org\/de\/who-is-air-and-me\/our-partners\/#primaryimage"},"image":{"@id":"https:\/\/test.airandme.org\/de\/who-is-air-and-me\/our-partners\/#primaryimage"},"thumbnailUrl":"http:\/\/airandme.org\/wp-content\/uploads\/2018\/03\/AirPaca.png","datePublished":"2018-04-03T09:37:03+00:00","dateModified":"2021-04-22T11:26:57+00:00","breadcrumb":{"@id":"https:\/\/test.airandme.org\/de\/who-is-air-and-me\/our-partners\/#breadcrumb"},"inLanguage":"ar","potentialAction":[{"@type":"ReadAction","target":["https:\/\/test.airandme.org\/de\/who-is-air-and-me\/our-partners\/"]}]},{"@type":"ImageObject","inLanguage":"ar","@id":"https:\/\/test.airandme.org\/de\/who-is-air-and-me\/our-partners\/#primaryimage","url":"http:\/\/airandme.org\/wp-content\/uploads\/2018\/03\/AirPaca.png","contentUrl":"http:\/\/airandme.org\/wp-content\/uploads\/2018\/03\/AirPaca.png"},{"@type":"BreadcrumbList","@id":"https:\/\/test.airandme.org\/de\/who-is-air-and-me\/our-partners\/#breadcrumb","itemListElement":[{"@type":"ListItem","position":1,"name":"Accueil","item":"https:\/\/test.airandme.org\/de\/"},{"@type":"ListItem","position":2,"name":"Wer sind wir ?","item":"https:\/\/test.airandme.org\/de\/who-is-air-and-me\/"},{"@type":"ListItem","position":3,"name":"Unsere Partner"}]},{"@type":"WebSite","@id":"https:\/\/test.airandme.org\/de\/#website","url":"https:\/\/test.airandme.org\/de\/","name":"Air and Me","description":"","publisher":{"@id":"https:\/\/test.airandme.org\/de\/#organization"},"potentialAction":[{"@type":"SearchAction","target":{"@type":"EntryPoint","urlTemplate":"https:\/\/test.airandme.org\/de\/?s={search_term_string}"},"query-input":{"@type":"PropertyValueSpecification","valueRequired":true,"valueName":"search_term_string"}}],"inLanguage":"ar"},{"@type":"Organization","@id":"https:\/\/test.airandme.org\/de\/#organization","name":"F\u00e9d\u00e9ration L'Air et Moi","url":"https:\/\/test.airandme.org\/de\/","logo":{"@type":"ImageObject","inLanguage":"ar","@id":"https:\/\/test.airandme.org\/de\/#\/schema\/logo\/image\/","url":"https:\/\/test.airandme.org\/wp-content\/uploads\/2018\/03\/AAME_.png","contentUrl":"https:\/\/test.airandme.org\/wp-content\/uploads\/2018\/03\/AAME_.png","width":441,"height":179,"caption":"F\u00e9d\u00e9ration L'Air et Moi"},"image":{"@id":"https:\/\/test.airandme.org\/de\/#\/schema\/logo\/image\/"},"sameAs":["https:\/\/www.facebook.com\/lairetmoi\/","https:\/\/x.com\/lairetmoi","https:\/\/www.youtube.com\/channel\/UCcguTqo1uDOSJcik4GveZhw"]}]}},"_links":{"self":[{"href":"https:\/\/test.airandme.org\/ar\/wp-json\/wp\/v2\/pages\/485","targetHints":{"allow":["GET"]}}],"collection":[{"href":"https:\/\/test.airandme.org\/ar\/wp-json\/wp\/v2\/pages"}],"about":[{"href":"https:\/\/test.airandme.org\/ar\/wp-json\/wp\/v2\/types\/page"}],"author":[{"embeddable":true,"href":"https:\/\/test.airandme.org\/ar\/wp-json\/wp\/v2\/users\/1"}],"replies":[{"embeddable":true,"href":"https:\/\/test.airandme.org\/ar\/wp-json\/wp\/v2\/comments?post=485"}],"version-history":[{"count":0,"href":"https:\/\/test.airandme.org\/ar\/wp-json\/wp\/v2\/pages\/485\/revisions"}],"up":[{"embeddable":true,"href":"https:\/\/test.airandme.org\/ar\/wp-json\/wp\/v2\/pages\/133"}],"wp:attachment":[{"href":"https:\/\/test.airandme.org\/ar\/wp-json\/wp\/v2\/media?parent=485"}],"curies":[{"name":"wp","href":"https:\/\/api.w.org\/{rel}","templated":true}]}}