{"id":485,"date":"2018-04-03T11:37:03","date_gmt":"2018-04-03T09:37:03","guid":{"rendered":"http:\/\/airandme.org\/fr\/?page_id=485"},"modified":"2021-04-22T13:26:57","modified_gmt":"2021-04-22T11:26:57","slug":"our-partners","status":"publish","type":"page","link":"https:\/\/test.airandme.org\/da\/who-is-air-and-me\/our-partners\/","title":{"rendered":"Vores partnere"},"content":{"rendered":"<p style=\"text-align: left;\"><img decoding=\"async\" class=\"wp-image-288  alignleft\" src=\"http:\/\/airandme.org\/wp-content\/uploads\/2018\/03\/AirPaca.png\" width=\"89\" height=\"43\" \/> <a href=\"http:\/\/www.atmosud.org\/\" target=\"_blank\" rel=\"noopener\">www.atmosud.org<\/a> : hovedpartner p\u00e5 programmet siden dets etablering \u2013 st\u00f8tter udviklingen af Air and me i region PACA (<span id=\"result_box\" class=\"short_text\" lang=\"da\"><span class=\"\">Frankrig<\/span><\/span>).<\/p>\n<p>&nbsp;<\/p>\n<p style=\"text-align: left;\">Takket v\u00e6re dette partnerskab s\u00e5 har Air and me f\u00e5et st\u00f8tte fra den Europ\u00e6iske Union via projektet SH\u2019AIR, fra det Regionale Sundheds \u2013 og Milj\u00f8agentur, fra Planl\u00e6gning og Boliger i den regionale Sundhed og Milj\u00f8plan. <br \/>Air and me har ligeledes f\u00e5et st\u00f8tte fra region PACA og fra Academie d\u2019Aix-Marseille i forbindelse med Air and me Lyc\u00e9e.<\/p>\n<ul>\n<li>Air and me regner ogs\u00e5 med samarbejde:<br \/>fra partner-ambassad\u00f8rer p\u00e5 det internationale program, is\u00e6r: Noi e l\u2019Aria (Air and me Italie), Air and me Maroc ; og i Frankrig : Air and me Ile-de-France, Air and me Auvergne-Rh\u00f4ne-Alpes, \u2026.<\/li>\n<\/ul>\n<p>&nbsp;<\/p>\n<ul>\n<li>fra lokale partnere i region PACA\u00a0: Maison d\u2019\u00e9cologie de Provence, OCCE, Les Petits D\u00e9brouillards PACA, mange gymnasier (Marcel Pagnol\u2026.) og partnerskoler i region PACA MMCO (84, 04 05), M\u00e9diterran\u00e9e 2000 (06), CPIE d\u2019Aix (13), Envirobat BDM (83), \u2026<\/li>\n<\/ul>\n<p>&nbsp;<\/p>\n<p><img decoding=\"async\" class=\"alignnone wp-image-884 \" src=\"http:\/\/airandme.org\/wp-content\/uploads\/2018\/06\/logo_mep.jpg\" alt=\"Maison de l'\u00e9cologie de Provence\" width=\"190\" height=\"116\" \/><a href=\"https:\/\/www.occe13.fr\/\"><img decoding=\"async\" class=\"alignnone  wp-image-886\" src=\"http:\/\/airandme.org\/wp-content\/uploads\/2018\/06\/logo_occe13-150x150.png\" alt=\"occe13\" width=\"119\" height=\"119\" \/><\/a><a href=\"https:\/\/www.lespetitsdebrouillardspaca.org\/-13-Bouches-du-Rhone-.html\"><img loading=\"lazy\" decoding=\"async\" class=\"alignnone  wp-image-887\" src=\"http:\/\/airandme.org\/wp-content\/uploads\/2018\/06\/logo_petits_debrouillards-150x150.png\" alt=\"les petits d\u00e9brouillards\" width=\"134\" height=\"134\" srcset=\"https:\/\/test.airandme.org\/wp-content\/uploads\/2018\/06\/logo_petits_debrouillards-150x150.png 150w, https:\/\/test.airandme.org\/wp-content\/uploads\/2018\/06\/logo_petits_debrouillards.png 220w\" sizes=\"(max-width: 134px) 100vw, 134px\" \/><\/a><\/p>\n","protected":false},"excerpt":{"rendered":"<p>www.atmosud.org : hovedpartner p\u00e5 programmet siden dets etablering \u2013 st\u00f8tter udviklingen af Air and me i region PACA (Frankrig). &nbsp; Takket v\u00e6re dette partnerskab s\u00e5 har Air and me f\u00e5et st\u00f8tte fra den Europ\u00e6iske Union via projektet SH\u2019AIR, fra det Regionale Sundheds \u2013 og Milj\u00f8agentur, fra Planl\u00e6gning og Boliger i den regionale Sundhed og Milj\u00f8plan.&hellip; <br \/> <a class=\"button small blue\" href=\"https:\/\/test.airandme.org\/da\/who-is-air-and-me\/our-partners\/\">L\u00e6s mere<\/a><\/p>\n","protected":false},"author":1,"featured_media":0,"parent":133,"menu_order":2,"comment_status":"closed","ping_status":"closed","template":"","meta":{"footnotes":""},"class_list":["post-485","page","type-page","status-publish","hentry"],"yoast_head":"<!-- This site is optimized with the Yoast SEO plugin v26.8 - https:\/\/yoast.com\/product\/yoast-seo-wordpress\/ -->\n<title>Vores partnere<\/title>\n<meta name=\"robots\" content=\"index, follow, max-snippet:-1, max-image-preview:large, max-video-preview:-1\" \/>\n<link rel=\"canonical\" href=\"https:\/\/test.airandme.org\/da\/who-is-air-and-me\/our-partners\/\" \/>\n<meta property=\"og:locale\" content=\"da_DK\" \/>\n<meta property=\"og:locale:alternate\" content=\"en_US\" \/>\n<meta property=\"og:locale:alternate\" content=\"fr_FR\" \/>\n<meta property=\"og:locale:alternate\" content=\"es\" \/>\n<meta property=\"og:locale:alternate\" content=\"it\" \/>\n<meta property=\"og:locale:alternate\" content=\"de\" \/>\n<meta property=\"og:locale:alternate\" content=\"ar\" \/>\n<meta property=\"og:locale:alternate\" content=\"zh\" \/>\n<meta property=\"og:locale:alternate\" content=\"pl\" \/>\n<meta property=\"og:type\" content=\"article\" \/>\n<meta property=\"og:title\" content=\"Vores partnere\" \/>\n<meta property=\"og:description\" content=\"www.atmosud.org : hovedpartner p\u00e5 programmet siden dets etablering \u2013 st\u00f8tter udviklingen af Air and me i region PACA (Frankrig). &nbsp; Takket v\u00e6re dette partnerskab s\u00e5 har Air and me f\u00e5et st\u00f8tte fra den Europ\u00e6iske Union via projektet SH\u2019AIR, fra det Regionale Sundheds \u2013 og Milj\u00f8agentur, fra Planl\u00e6gning og Boliger i den regionale Sundhed og Milj\u00f8plan.&hellip; L\u00e6s mere\" \/>\n<meta property=\"og:url\" content=\"https:\/\/test.airandme.org\/da\/who-is-air-and-me\/our-partners\/\" \/>\n<meta property=\"og:site_name\" content=\"Air and Me\" \/>\n<meta property=\"article:publisher\" content=\"https:\/\/www.facebook.com\/lairetmoi\/\" \/>\n<meta property=\"article:modified_time\" content=\"2021-04-22T11:26:57+00:00\" \/>\n<meta property=\"og:image\" content=\"http:\/\/airandme.org\/wp-content\/uploads\/2018\/03\/AirPaca.png\" \/>\n<meta name=\"twitter:card\" content=\"summary_large_image\" \/>\n<meta name=\"twitter:site\" content=\"@lairetmoi\" \/>\n<meta name=\"twitter:label1\" content=\"Estimeret l\u00e6setid\" \/>\n\t<meta name=\"twitter:data1\" content=\"2 minutter\" \/>\n<script type=\"application\/ld+json\" class=\"yoast-schema-graph\">{\"@context\":\"https:\/\/schema.org\",\"@graph\":[{\"@type\":\"WebPage\",\"@id\":\"https:\/\/test.airandme.org\/de\/who-is-air-and-me\/our-partners\/\",\"url\":\"https:\/\/test.airandme.org\/de\/who-is-air-and-me\/our-partners\/\",\"name\":\"Vores partnere\",\"isPartOf\":{\"@id\":\"https:\/\/test.airandme.org\/de\/#website\"},\"primaryImageOfPage\":{\"@id\":\"https:\/\/test.airandme.org\/de\/who-is-air-and-me\/our-partners\/#primaryimage\"},\"image\":{\"@id\":\"https:\/\/test.airandme.org\/de\/who-is-air-and-me\/our-partners\/#primaryimage\"},\"thumbnailUrl\":\"http:\/\/airandme.org\/wp-content\/uploads\/2018\/03\/AirPaca.png\",\"datePublished\":\"2018-04-03T09:37:03+00:00\",\"dateModified\":\"2021-04-22T11:26:57+00:00\",\"breadcrumb\":{\"@id\":\"https:\/\/test.airandme.org\/de\/who-is-air-and-me\/our-partners\/#breadcrumb\"},\"inLanguage\":\"da\",\"potentialAction\":[{\"@type\":\"ReadAction\",\"target\":[\"https:\/\/test.airandme.org\/de\/who-is-air-and-me\/our-partners\/\"]}]},{\"@type\":\"ImageObject\",\"inLanguage\":\"da\",\"@id\":\"https:\/\/test.airandme.org\/de\/who-is-air-and-me\/our-partners\/#primaryimage\",\"url\":\"http:\/\/airandme.org\/wp-content\/uploads\/2018\/03\/AirPaca.png\",\"contentUrl\":\"http:\/\/airandme.org\/wp-content\/uploads\/2018\/03\/AirPaca.png\"},{\"@type\":\"BreadcrumbList\",\"@id\":\"https:\/\/test.airandme.org\/de\/who-is-air-and-me\/our-partners\/#breadcrumb\",\"itemListElement\":[{\"@type\":\"ListItem\",\"position\":1,\"name\":\"Accueil\",\"item\":\"https:\/\/test.airandme.org\/de\/\"},{\"@type\":\"ListItem\",\"position\":2,\"name\":\"Wer sind wir ?\",\"item\":\"https:\/\/test.airandme.org\/de\/who-is-air-and-me\/\"},{\"@type\":\"ListItem\",\"position\":3,\"name\":\"Unsere Partner\"}]},{\"@type\":\"WebSite\",\"@id\":\"https:\/\/test.airandme.org\/de\/#website\",\"url\":\"https:\/\/test.airandme.org\/de\/\",\"name\":\"Air and Me\",\"description\":\"\",\"publisher\":{\"@id\":\"https:\/\/test.airandme.org\/de\/#organization\"},\"potentialAction\":[{\"@type\":\"SearchAction\",\"target\":{\"@type\":\"EntryPoint\",\"urlTemplate\":\"https:\/\/test.airandme.org\/de\/?s={search_term_string}\"},\"query-input\":{\"@type\":\"PropertyValueSpecification\",\"valueRequired\":true,\"valueName\":\"search_term_string\"}}],\"inLanguage\":\"da\"},{\"@type\":\"Organization\",\"@id\":\"https:\/\/test.airandme.org\/de\/#organization\",\"name\":\"F\u00e9d\u00e9ration L'Air et Moi\",\"url\":\"https:\/\/test.airandme.org\/de\/\",\"logo\":{\"@type\":\"ImageObject\",\"inLanguage\":\"da\",\"@id\":\"https:\/\/test.airandme.org\/de\/#\/schema\/logo\/image\/\",\"url\":\"https:\/\/test.airandme.org\/wp-content\/uploads\/2018\/03\/AAME_.png\",\"contentUrl\":\"https:\/\/test.airandme.org\/wp-content\/uploads\/2018\/03\/AAME_.png\",\"width\":441,\"height\":179,\"caption\":\"F\u00e9d\u00e9ration L'Air et Moi\"},\"image\":{\"@id\":\"https:\/\/test.airandme.org\/de\/#\/schema\/logo\/image\/\"},\"sameAs\":[\"https:\/\/www.facebook.com\/lairetmoi\/\",\"https:\/\/x.com\/lairetmoi\",\"https:\/\/www.youtube.com\/channel\/UCcguTqo1uDOSJcik4GveZhw\"]}]}<\/script>\n<!-- \/ Yoast SEO plugin. -->","yoast_head_json":{"title":"Vores partnere","robots":{"index":"index","follow":"follow","max-snippet":"max-snippet:-1","max-image-preview":"max-image-preview:large","max-video-preview":"max-video-preview:-1"},"canonical":"https:\/\/test.airandme.org\/da\/who-is-air-and-me\/our-partners\/","og_locale":"da_DK","og_type":"article","og_title":"[:en]Our parteners[:fr]Nos partenaires[:es]Nuestros socios[:it]I nostri partners di progetto[:de]Unsere Partner[:ar]\u0634\u0631\u064a\u0643\u0646\u0627[:da]Vores partnere[:zh]\u5408\u4f5c\u4f19\u4f34[:pl]Nasi partnerzy[:] &#183; Air and Me","og_description":"www.atmosud.org : hovedpartner p\u00e5 programmet siden dets etablering \u2013 st\u00f8tter udviklingen af Air and me i region PACA (Frankrig). &nbsp; Takket v\u00e6re dette partnerskab s\u00e5 har Air and me f\u00e5et st\u00f8tte fra den Europ\u00e6iske Union via projektet SH\u2019AIR, fra det Regionale Sundheds \u2013 og Milj\u00f8agentur, fra Planl\u00e6gning og Boliger i den regionale Sundhed og Milj\u00f8plan.&hellip; L\u00e6s mere","og_url":"https:\/\/test.airandme.org\/da\/who-is-air-and-me\/our-partners\/","og_site_name":"Air and Me","article_publisher":"https:\/\/www.facebook.com\/lairetmoi\/","article_modified_time":"2021-04-22T11:26:57+00:00","og_image":[{"url":"http:\/\/airandme.org\/wp-content\/uploads\/2018\/03\/AirPaca.png","type":"","width":"","height":""}],"twitter_card":"summary_large_image","twitter_site":"@lairetmoi","twitter_misc":{"Estimeret l\u00e6setid":"2 minutter"},"schema":{"@context":"https:\/\/schema.org","@graph":[{"@type":"WebPage","@id":"https:\/\/test.airandme.org\/de\/who-is-air-and-me\/our-partners\/","url":"https:\/\/test.airandme.org\/de\/who-is-air-and-me\/our-partners\/","name":"Vores partnere","isPartOf":{"@id":"https:\/\/test.airandme.org\/de\/#website"},"primaryImageOfPage":{"@id":"https:\/\/test.airandme.org\/de\/who-is-air-and-me\/our-partners\/#primaryimage"},"image":{"@id":"https:\/\/test.airandme.org\/de\/who-is-air-and-me\/our-partners\/#primaryimage"},"thumbnailUrl":"http:\/\/airandme.org\/wp-content\/uploads\/2018\/03\/AirPaca.png","datePublished":"2018-04-03T09:37:03+00:00","dateModified":"2021-04-22T11:26:57+00:00","breadcrumb":{"@id":"https:\/\/test.airandme.org\/de\/who-is-air-and-me\/our-partners\/#breadcrumb"},"inLanguage":"da","potentialAction":[{"@type":"ReadAction","target":["https:\/\/test.airandme.org\/de\/who-is-air-and-me\/our-partners\/"]}]},{"@type":"ImageObject","inLanguage":"da","@id":"https:\/\/test.airandme.org\/de\/who-is-air-and-me\/our-partners\/#primaryimage","url":"http:\/\/airandme.org\/wp-content\/uploads\/2018\/03\/AirPaca.png","contentUrl":"http:\/\/airandme.org\/wp-content\/uploads\/2018\/03\/AirPaca.png"},{"@type":"BreadcrumbList","@id":"https:\/\/test.airandme.org\/de\/who-is-air-and-me\/our-partners\/#breadcrumb","itemListElement":[{"@type":"ListItem","position":1,"name":"Accueil","item":"https:\/\/test.airandme.org\/de\/"},{"@type":"ListItem","position":2,"name":"Wer sind wir ?","item":"https:\/\/test.airandme.org\/de\/who-is-air-and-me\/"},{"@type":"ListItem","position":3,"name":"Unsere Partner"}]},{"@type":"WebSite","@id":"https:\/\/test.airandme.org\/de\/#website","url":"https:\/\/test.airandme.org\/de\/","name":"Air and Me","description":"","publisher":{"@id":"https:\/\/test.airandme.org\/de\/#organization"},"potentialAction":[{"@type":"SearchAction","target":{"@type":"EntryPoint","urlTemplate":"https:\/\/test.airandme.org\/de\/?s={search_term_string}"},"query-input":{"@type":"PropertyValueSpecification","valueRequired":true,"valueName":"search_term_string"}}],"inLanguage":"da"},{"@type":"Organization","@id":"https:\/\/test.airandme.org\/de\/#organization","name":"F\u00e9d\u00e9ration L'Air et Moi","url":"https:\/\/test.airandme.org\/de\/","logo":{"@type":"ImageObject","inLanguage":"da","@id":"https:\/\/test.airandme.org\/de\/#\/schema\/logo\/image\/","url":"https:\/\/test.airandme.org\/wp-content\/uploads\/2018\/03\/AAME_.png","contentUrl":"https:\/\/test.airandme.org\/wp-content\/uploads\/2018\/03\/AAME_.png","width":441,"height":179,"caption":"F\u00e9d\u00e9ration L'Air et Moi"},"image":{"@id":"https:\/\/test.airandme.org\/de\/#\/schema\/logo\/image\/"},"sameAs":["https:\/\/www.facebook.com\/lairetmoi\/","https:\/\/x.com\/lairetmoi","https:\/\/www.youtube.com\/channel\/UCcguTqo1uDOSJcik4GveZhw"]}]}},"_links":{"self":[{"href":"https:\/\/test.airandme.org\/da\/wp-json\/wp\/v2\/pages\/485","targetHints":{"allow":["GET"]}}],"collection":[{"href":"https:\/\/test.airandme.org\/da\/wp-json\/wp\/v2\/pages"}],"about":[{"href":"https:\/\/test.airandme.org\/da\/wp-json\/wp\/v2\/types\/page"}],"author":[{"embeddable":true,"href":"https:\/\/test.airandme.org\/da\/wp-json\/wp\/v2\/users\/1"}],"replies":[{"embeddable":true,"href":"https:\/\/test.airandme.org\/da\/wp-json\/wp\/v2\/comments?post=485"}],"version-history":[{"count":0,"href":"https:\/\/test.airandme.org\/da\/wp-json\/wp\/v2\/pages\/485\/revisions"}],"up":[{"embeddable":true,"href":"https:\/\/test.airandme.org\/da\/wp-json\/wp\/v2\/pages\/133"}],"wp:attachment":[{"href":"https:\/\/test.airandme.org\/da\/wp-json\/wp\/v2\/media?parent=485"}],"curies":[{"name":"wp","href":"https:\/\/api.w.org\/{rel}","templated":true}]}}