{"id":133,"date":"2018-03-26T10:45:30","date_gmt":"2018-03-26T08:45:30","guid":{"rendered":"http:\/\/airandme.org\/fr\/?page_id=133"},"modified":"2020-05-06T20:32:20","modified_gmt":"2020-05-06T18:32:20","slug":"who-is-air-and-me","status":"publish","type":"page","link":"https:\/\/test.airandme.org\/de\/who-is-air-and-me\/","title":{"rendered":"Wer sind wir ?"},"content":{"rendered":"<div id=\"wpsecol-9ef1a643-6909-b35b-bfa7-a380e1aba3f3\" class=\"csRow\">\n<div class=\"csColumnGap\" style=\"margin: 0; padding: 0; float: left; width: 0%;\"><img decoding=\"async\" src=\"http:\/\/airandme.org\/wp-content\/plugins\/wp-smart-editor\/plugins\/columns\/img\/1x1-pixel.png\" \/><\/div>\n<div class=\"csColumn\" style=\"margin: 0; padding: 0; float: left; width: 32.85398230088495%;\" data-posx0=\"0\" data-posx1=\"32.9646017699115\" data-padding=\"2\" data-responsive=\"1\">\n<div style=\"padding: 2px;\">\n<div class=\"preview_text csColumn_text\">\n<div id=\"attachment_520\" style=\"width: 390px\"  class=\"wp-caption aligncenter\"><img fetchpriority=\"high\" decoding=\"async\" class=\"wp-image-520 \" src=\"http:\/\/airandme.org\/wp-content\/uploads\/2018\/04\/EquipeAEM-2018.jpg\" alt=\"\" width=\"380\" height=\"224\" srcset=\"https:\/\/test.airandme.org\/wp-content\/uploads\/2018\/04\/EquipeAEM-2018.jpg 1488w, https:\/\/test.airandme.org\/wp-content\/uploads\/2018\/04\/EquipeAEM-2018-300x176.jpg 300w, https:\/\/test.airandme.org\/wp-content\/uploads\/2018\/04\/EquipeAEM-2018-768x452.jpg 768w, https:\/\/test.airandme.org\/wp-content\/uploads\/2018\/04\/EquipeAEM-2018-1024x602.jpg 1024w\" sizes=\"(max-width: 380px) 100vw, 380px\" \/><p class=\"wp-caption-text\"><span id=\"result_box\" class=\"short_text\" lang=\"en\"><span class=\"\">The Air and Me team, Parc Longchamp, Marseille<\/span><\/span><\/p><\/div>\n<\/div>\n<\/div>\n<\/div>\n<div class=\"csColumnGap\" style=\"margin: 0; padding: 0; float: left; width: 0.33185840707964603%;\"><img decoding=\"async\" src=\"http:\/\/airandme.org\/wp-content\/plugins\/wp-smart-editor\/plugins\/columns\/img\/1x1-pixel.png\" \/><\/div>\n<div class=\"csColumn\" style=\"margin: 0; padding: 0; float: left; width: 66.5929203539823%;\" data-posx0=\"33.29646017699115\" data-posx1=\"100\" data-padding=\"2\" data-responsive=\"1\">\n<div style=\"padding: 2px;\">\n<div class=\"preview_text csColumn_text\">\n<p>Victor Hugo ESPINOSA war schon immer an \u00d6kologie und Bildung interessiert und hat 2009 Die Luft und Ich geschaffen. Er ist davon \u00fcberzeugt das Bewusstseinsbildung und Ver\u00e4nderungen im Verhalten der Menschen\u00a0 durch Umweltbildung, und vorallem, von ganz klein auf, \u00fcber das Thema Luftqualit\u00e4t gef\u00f6rdert werden m\u00fcssen.<\/p>\n<p>Er entschliesst sich dazu, ein freies und kostenloses Lernprogramm aufzubauen, was so vielen Kindern wie m\u00f6glich das Thema Luftverschmutzung n\u00e4her bringen soll.<\/p>\n<p><a href=\"http:\/\/www.airpaca.org\"><img decoding=\"async\" class=\"alignnone wp-image-288\" src=\"http:\/\/airandme.org\/wp-content\/uploads\/2018\/03\/AirPaca.png\" alt=\"\" width=\"68\" height=\"24\" srcset=\"https:\/\/test.airandme.org\/wp-content\/uploads\/2018\/03\/AirPaca.png 378w, https:\/\/test.airandme.org\/wp-content\/uploads\/2018\/03\/AirPaca-300x106.png 300w\" sizes=\"(max-width: 68px) 100vw, 68px\" \/><\/a> \u00d6ffentlich eingetragener Verein, genehemigt f\u00fcr die \u00dcberwachung der Luftqualit\u00e4t in der Region Provence-Alpes-C\u00f4te d\u2019Azur, ist schnell der Hauptpartner dieses Projektes geworden.<\/p>\n<p>2016 begr\u00fcndet Victor Hugo ESPINOSA den Verband L\u00a0\u2019Air et Moi &#8211; <a href=\"http:\/\/www.airetmoi.org\/\">www.airetmoi.org<\/a>, angesiedelt in Marseille, um die Ausweitung des Programms in Frankreich und im Ausland zu koordinieren.<\/p>\n<\/div>\n<\/div>\n<\/div>\n<div class=\"csColumnGap\" style=\"margin: 0; padding: 0; float: left; width: 0.22123893805310502%;\"><img decoding=\"async\" src=\"http:\/\/airandme.org\/wp-content\/plugins\/wp-smart-editor\/plugins\/columns\/img\/1x1-pixel.png\" \/><\/div>\n<div style=\"clear: both; float: none; display: block; visibility: hidden; width: 0; font-size: 0; line-height: 0;\">\u00a0<\/div>\n<\/div>\n<div id=\"wpsecol-0c9cd2cf-d316-4cc7-f4c2-94bfe92e40b4\" class=\"csRow\">\n<div style=\"clear: both; float: none; display: block; visibility: hidden; width: 0; font-size: 0; line-height: 0;\">\u00a0<\/div>\n<\/div>\n<p>&nbsp;<\/p>\n<div id=\"style-wpsecol-17140f44-11b1-8ab3-fec5-bf2178764a77\">\n<style><!--\n@media (max-width: 768px) {\n    #wpsecol-17140f44-11b1-8ab3-fec5-bf2178764a77 .csColumn {\n        display: block;\n        width: 100% !important;\n    }\n    #wpsecol-17140f44-11b1-8ab3-fec5-bf2178764a77 .csColumnGap {\n        display: none;\n    }\n}\n--><\/style>\n<\/div>\n<div id=\"style-wpsecol-0c9cd2cf-d316-4cc7-f4c2-94bfe92e40b4\">\n<style>@media (max-width: 768px) {\n    #wpsecol-0c9cd2cf-d316-4cc7-f4c2-94bfe92e40b4 .csColumn {\n        display: block;\n        width: 100% !important;\n    }\n    #wpsecol-0c9cd2cf-d316-4cc7-f4c2-94bfe92e40b4 .csColumnGap {\n        display: none;\n    }\n}<\/style>\n<\/div>\n<p style=\"text-align: center;\"><a href=\"https:\/\/airandme.org\/team\/\"><img decoding=\"async\" class=\"wp-image-1715 aligncenter\" src=\"https:\/\/airandme.org\/wp-content\/uploads\/2019\/10\/team_icon.png\" alt=\"\" width=\"96\" height=\"96\" \/>Air and Me team<\/a><\/p>\n","protected":false},"excerpt":{"rendered":"<p>Victor Hugo ESPINOSA war schon immer an \u00d6kologie und Bildung interessiert und hat 2009 Die Luft und Ich geschaffen. Er ist davon \u00fcberzeugt das Bewusstseinsbildung und Ver\u00e4nderungen im Verhalten der Menschen\u00a0 durch Umweltbildung, und vorallem, von ganz klein auf, \u00fcber das Thema Luftqualit\u00e4t gef\u00f6rdert werden m\u00fcssen. Er entschliesst sich dazu, ein freies und kostenloses Lernprogramm&hellip; <br \/> <a class=\"button small blue\" href=\"https:\/\/test.airandme.org\/de\/who-is-air-and-me\/\">Weiterlesen<\/a><\/p>\n","protected":false},"author":1,"featured_media":0,"parent":0,"menu_order":4,"comment_status":"closed","ping_status":"closed","template":"","meta":{"footnotes":""},"class_list":["post-133","page","type-page","status-publish","hentry"],"yoast_head":"<!-- This site is optimized with the Yoast SEO plugin v26.8 - https:\/\/yoast.com\/product\/yoast-seo-wordpress\/ -->\n<title>Wer sind wir ?<\/title>\n<meta name=\"robots\" content=\"index, follow, max-snippet:-1, max-image-preview:large, max-video-preview:-1\" \/>\n<link rel=\"canonical\" href=\"https:\/\/test.airandme.org\/de\/who-is-air-and-me\/\" \/>\n<meta property=\"og:locale\" content=\"de_DE\" \/>\n<meta property=\"og:locale:alternate\" content=\"en_US\" \/>\n<meta property=\"og:locale:alternate\" content=\"fr_FR\" \/>\n<meta property=\"og:locale:alternate\" content=\"es\" \/>\n<meta property=\"og:locale:alternate\" content=\"it\" \/>\n<meta property=\"og:locale:alternate\" content=\"ar\" \/>\n<meta property=\"og:locale:alternate\" content=\"da\" \/>\n<meta property=\"og:locale:alternate\" content=\"zh\" \/>\n<meta property=\"og:locale:alternate\" content=\"pl\" \/>\n<meta property=\"og:type\" content=\"article\" \/>\n<meta property=\"og:title\" content=\"Wer sind wir ?\" \/>\n<meta property=\"og:description\" content=\"Victor Hugo ESPINOSA war schon immer an \u00d6kologie und Bildung interessiert und hat 2009 Die Luft und Ich geschaffen. Er ist davon \u00fcberzeugt das Bewusstseinsbildung und Ver\u00e4nderungen im Verhalten der Menschen\u00a0 durch Umweltbildung, und vorallem, von ganz klein auf, \u00fcber das Thema Luftqualit\u00e4t gef\u00f6rdert werden m\u00fcssen. Er entschliesst sich dazu, ein freies und kostenloses Lernprogramm&hellip; Weiterlesen\" \/>\n<meta property=\"og:url\" content=\"https:\/\/test.airandme.org\/de\/who-is-air-and-me\/\" \/>\n<meta property=\"og:site_name\" content=\"Air and Me\" \/>\n<meta property=\"article:publisher\" content=\"https:\/\/www.facebook.com\/lairetmoi\/\" \/>\n<meta property=\"article:modified_time\" content=\"2020-05-06T18:32:20+00:00\" \/>\n<meta property=\"og:image\" content=\"http:\/\/airandme.org\/wp-content\/plugins\/wp-smart-editor\/plugins\/columns\/img\/1x1-pixel.png\" \/>\n<meta name=\"twitter:card\" content=\"summary_large_image\" \/>\n<meta name=\"twitter:site\" content=\"@lairetmoi\" \/>\n<meta name=\"twitter:label1\" content=\"Gesch\u00e4tzte Lesezeit\" \/>\n\t<meta name=\"twitter:data1\" content=\"6\u00a0Minuten\" \/>\n<script type=\"application\/ld+json\" class=\"yoast-schema-graph\">{\"@context\":\"https:\/\/schema.org\",\"@graph\":[{\"@type\":\"WebPage\",\"@id\":\"https:\/\/test.airandme.org\/de\/who-is-air-and-me\/\",\"url\":\"https:\/\/test.airandme.org\/de\/who-is-air-and-me\/\",\"name\":\"Wer sind wir ?\",\"isPartOf\":{\"@id\":\"https:\/\/test.airandme.org\/de\/#website\"},\"primaryImageOfPage\":{\"@id\":\"https:\/\/test.airandme.org\/de\/who-is-air-and-me\/#primaryimage\"},\"image\":{\"@id\":\"https:\/\/test.airandme.org\/de\/who-is-air-and-me\/#primaryimage\"},\"thumbnailUrl\":\"http:\/\/airandme.org\/wp-content\/plugins\/wp-smart-editor\/plugins\/columns\/img\/1x1-pixel.png\",\"datePublished\":\"2018-03-26T08:45:30+00:00\",\"dateModified\":\"2020-05-06T18:32:20+00:00\",\"breadcrumb\":{\"@id\":\"https:\/\/test.airandme.org\/de\/who-is-air-and-me\/#breadcrumb\"},\"inLanguage\":\"de\",\"potentialAction\":[{\"@type\":\"ReadAction\",\"target\":[\"https:\/\/test.airandme.org\/de\/who-is-air-and-me\/\"]}]},{\"@type\":\"ImageObject\",\"inLanguage\":\"de\",\"@id\":\"https:\/\/test.airandme.org\/de\/who-is-air-and-me\/#primaryimage\",\"url\":\"http:\/\/airandme.org\/wp-content\/plugins\/wp-smart-editor\/plugins\/columns\/img\/1x1-pixel.png\",\"contentUrl\":\"http:\/\/airandme.org\/wp-content\/plugins\/wp-smart-editor\/plugins\/columns\/img\/1x1-pixel.png\"},{\"@type\":\"BreadcrumbList\",\"@id\":\"https:\/\/test.airandme.org\/de\/who-is-air-and-me\/#breadcrumb\",\"itemListElement\":[{\"@type\":\"ListItem\",\"position\":1,\"name\":\"Accueil\",\"item\":\"https:\/\/test.airandme.org\/de\/\"},{\"@type\":\"ListItem\",\"position\":2,\"name\":\"Wer sind wir ?\"}]},{\"@type\":\"WebSite\",\"@id\":\"https:\/\/test.airandme.org\/de\/#website\",\"url\":\"https:\/\/test.airandme.org\/de\/\",\"name\":\"Air and Me\",\"description\":\"\",\"publisher\":{\"@id\":\"https:\/\/test.airandme.org\/de\/#organization\"},\"potentialAction\":[{\"@type\":\"SearchAction\",\"target\":{\"@type\":\"EntryPoint\",\"urlTemplate\":\"https:\/\/test.airandme.org\/de\/?s={search_term_string}\"},\"query-input\":{\"@type\":\"PropertyValueSpecification\",\"valueRequired\":true,\"valueName\":\"search_term_string\"}}],\"inLanguage\":\"de\"},{\"@type\":\"Organization\",\"@id\":\"https:\/\/test.airandme.org\/de\/#organization\",\"name\":\"F\u00e9d\u00e9ration L'Air et Moi\",\"url\":\"https:\/\/test.airandme.org\/de\/\",\"logo\":{\"@type\":\"ImageObject\",\"inLanguage\":\"de\",\"@id\":\"https:\/\/test.airandme.org\/de\/#\/schema\/logo\/image\/\",\"url\":\"https:\/\/test.airandme.org\/wp-content\/uploads\/2018\/03\/AAME_.png\",\"contentUrl\":\"https:\/\/test.airandme.org\/wp-content\/uploads\/2018\/03\/AAME_.png\",\"width\":441,\"height\":179,\"caption\":\"F\u00e9d\u00e9ration L'Air et Moi\"},\"image\":{\"@id\":\"https:\/\/test.airandme.org\/de\/#\/schema\/logo\/image\/\"},\"sameAs\":[\"https:\/\/www.facebook.com\/lairetmoi\/\",\"https:\/\/x.com\/lairetmoi\",\"https:\/\/www.youtube.com\/channel\/UCcguTqo1uDOSJcik4GveZhw\"]}]}<\/script>\n<!-- \/ Yoast SEO plugin. -->","yoast_head_json":{"title":"Wer sind wir ?","robots":{"index":"index","follow":"follow","max-snippet":"max-snippet:-1","max-image-preview":"max-image-preview:large","max-video-preview":"max-video-preview:-1"},"canonical":"https:\/\/test.airandme.org\/de\/who-is-air-and-me\/","og_locale":"de_DE","og_type":"article","og_title":"[:en]Who is Air and Me?[:fr]Qui sommes-nous ?[:es]\u00bfQui\u00e9nes somos?[:it]Chi siamo ?[:de]Wer sind wir ?[:ar]\u0645\u0646 \u0646\u062d\u0646 \u061f[:da]Hvem er vi ?[:zh]\u6211\u4eec\u662f\u8c01\uff1f[:pl]Kim jeste\u015bmy ?[:] &#183; Air and Me","og_description":"Victor Hugo ESPINOSA war schon immer an \u00d6kologie und Bildung interessiert und hat 2009 Die Luft und Ich geschaffen. Er ist davon \u00fcberzeugt das Bewusstseinsbildung und Ver\u00e4nderungen im Verhalten der Menschen\u00a0 durch Umweltbildung, und vorallem, von ganz klein auf, \u00fcber das Thema Luftqualit\u00e4t gef\u00f6rdert werden m\u00fcssen. Er entschliesst sich dazu, ein freies und kostenloses Lernprogramm&hellip; Weiterlesen","og_url":"https:\/\/test.airandme.org\/de\/who-is-air-and-me\/","og_site_name":"Air and Me","article_publisher":"https:\/\/www.facebook.com\/lairetmoi\/","article_modified_time":"2020-05-06T18:32:20+00:00","og_image":[{"url":"http:\/\/airandme.org\/wp-content\/plugins\/wp-smart-editor\/plugins\/columns\/img\/1x1-pixel.png","type":"","width":"","height":""}],"twitter_card":"summary_large_image","twitter_site":"@lairetmoi","twitter_misc":{"Gesch\u00e4tzte Lesezeit":"6\u00a0Minuten"},"schema":{"@context":"https:\/\/schema.org","@graph":[{"@type":"WebPage","@id":"https:\/\/test.airandme.org\/de\/who-is-air-and-me\/","url":"https:\/\/test.airandme.org\/de\/who-is-air-and-me\/","name":"Wer sind wir ?","isPartOf":{"@id":"https:\/\/test.airandme.org\/de\/#website"},"primaryImageOfPage":{"@id":"https:\/\/test.airandme.org\/de\/who-is-air-and-me\/#primaryimage"},"image":{"@id":"https:\/\/test.airandme.org\/de\/who-is-air-and-me\/#primaryimage"},"thumbnailUrl":"http:\/\/airandme.org\/wp-content\/plugins\/wp-smart-editor\/plugins\/columns\/img\/1x1-pixel.png","datePublished":"2018-03-26T08:45:30+00:00","dateModified":"2020-05-06T18:32:20+00:00","breadcrumb":{"@id":"https:\/\/test.airandme.org\/de\/who-is-air-and-me\/#breadcrumb"},"inLanguage":"de","potentialAction":[{"@type":"ReadAction","target":["https:\/\/test.airandme.org\/de\/who-is-air-and-me\/"]}]},{"@type":"ImageObject","inLanguage":"de","@id":"https:\/\/test.airandme.org\/de\/who-is-air-and-me\/#primaryimage","url":"http:\/\/airandme.org\/wp-content\/plugins\/wp-smart-editor\/plugins\/columns\/img\/1x1-pixel.png","contentUrl":"http:\/\/airandme.org\/wp-content\/plugins\/wp-smart-editor\/plugins\/columns\/img\/1x1-pixel.png"},{"@type":"BreadcrumbList","@id":"https:\/\/test.airandme.org\/de\/who-is-air-and-me\/#breadcrumb","itemListElement":[{"@type":"ListItem","position":1,"name":"Accueil","item":"https:\/\/test.airandme.org\/de\/"},{"@type":"ListItem","position":2,"name":"Wer sind wir ?"}]},{"@type":"WebSite","@id":"https:\/\/test.airandme.org\/de\/#website","url":"https:\/\/test.airandme.org\/de\/","name":"Air and Me","description":"","publisher":{"@id":"https:\/\/test.airandme.org\/de\/#organization"},"potentialAction":[{"@type":"SearchAction","target":{"@type":"EntryPoint","urlTemplate":"https:\/\/test.airandme.org\/de\/?s={search_term_string}"},"query-input":{"@type":"PropertyValueSpecification","valueRequired":true,"valueName":"search_term_string"}}],"inLanguage":"de"},{"@type":"Organization","@id":"https:\/\/test.airandme.org\/de\/#organization","name":"F\u00e9d\u00e9ration L'Air et Moi","url":"https:\/\/test.airandme.org\/de\/","logo":{"@type":"ImageObject","inLanguage":"de","@id":"https:\/\/test.airandme.org\/de\/#\/schema\/logo\/image\/","url":"https:\/\/test.airandme.org\/wp-content\/uploads\/2018\/03\/AAME_.png","contentUrl":"https:\/\/test.airandme.org\/wp-content\/uploads\/2018\/03\/AAME_.png","width":441,"height":179,"caption":"F\u00e9d\u00e9ration L'Air et Moi"},"image":{"@id":"https:\/\/test.airandme.org\/de\/#\/schema\/logo\/image\/"},"sameAs":["https:\/\/www.facebook.com\/lairetmoi\/","https:\/\/x.com\/lairetmoi","https:\/\/www.youtube.com\/channel\/UCcguTqo1uDOSJcik4GveZhw"]}]}},"_links":{"self":[{"href":"https:\/\/test.airandme.org\/de\/wp-json\/wp\/v2\/pages\/133","targetHints":{"allow":["GET"]}}],"collection":[{"href":"https:\/\/test.airandme.org\/de\/wp-json\/wp\/v2\/pages"}],"about":[{"href":"https:\/\/test.airandme.org\/de\/wp-json\/wp\/v2\/types\/page"}],"author":[{"embeddable":true,"href":"https:\/\/test.airandme.org\/de\/wp-json\/wp\/v2\/users\/1"}],"replies":[{"embeddable":true,"href":"https:\/\/test.airandme.org\/de\/wp-json\/wp\/v2\/comments?post=133"}],"version-history":[{"count":0,"href":"https:\/\/test.airandme.org\/de\/wp-json\/wp\/v2\/pages\/133\/revisions"}],"wp:attachment":[{"href":"https:\/\/test.airandme.org\/de\/wp-json\/wp\/v2\/media?parent=133"}],"curies":[{"name":"wp","href":"https:\/\/api.w.org\/{rel}","templated":true}]}}