{"id":119,"date":"2018-03-26T10:28:01","date_gmt":"2018-03-26T08:28:01","guid":{"rendered":"http:\/\/airandme.org\/?page_id=119"},"modified":"2019-08-19T11:48:22","modified_gmt":"2019-08-19T09:48:22","slug":"who-is-it-for-why-join","status":"publish","type":"page","link":"https:\/\/test.airandme.org\/es\/discover-air-and-me\/who-is-it-for-why-join\/","title":{"rendered":"Para qui\u00e9n ? Porqu\u00e9"},"content":{"rendered":"<h2>Ni\u00f1os, maestros, animadores y padres<\/h2>\n<p><strong>El Aire y Yo es un conjunto de herramientas educativas gratuitas (para un uso individual) creadas para maestros, animadores y padres que quieren educar a los ni\u00f1os sobre la contaminaci\u00f3n.<\/strong><\/p>\n<p><img decoding=\"async\" class=\"wp-image-393 alignright\" src=\"http:\/\/airandme.org\/wp-content\/uploads\/2018\/06\/premature-deaths.png\" alt=\"Nombre de d\u00e9c\u00e8s par an pollution de L'Air\" width=\"181\" height=\"122\" \/><\/p>\n<p>Como profesor, moderador o padre, encontrar\u00e1s en el Aire y Yo una herramienta educativa integral, atractiva con un enfoque accesible, l\u00fadico y preciso que te permitir\u00e1 educar a los ni\u00f1os y estudiantes sobre los temas relacionados con la calidad del aire.<\/p>\n<div id=\"\" class=\"wpsestyles green-message\">\n<h4><span style=\"color: #000000;\">El Aire y Yo es una herramienta cooperativa en constante evoluci\u00f3n. \u00a1en el inter\u00e9s de la demanda y de la mejor\u00eda constante, su vuelta es muy importante para nosotros!<br \/>Por eso, despu\u00e9s de realizar una animaci\u00f3n utilizando nuestras herramientas, te invitamos a que nos env\u00edes tus comentarios rellenando el formulario <a href=\"\/es\/who-is-air-and-me\/contact\/\">Un Minuto<\/a> para El Aire y Yo o poni\u00e9ndose en contacto con nosotros.<br \/><\/span><\/h4>\n<\/div>\n<p>&nbsp;<\/p>\n<p><a class=\"wpsebtn\" id=\"btn-0d29b030-140d-82bd-5a61-7b993afaa74a\" data-font-size=\"13\" data-color=\"#ffffff\" data-background=\"#2196F3\" data-padding-left=\"12\" data-padding-top=\"6\" data-padding-right=\"12\" data-padding-bottom=\"6\" data-border-width=\"1\" data-border-radius=\"0\" data-border-color=\"#2196F3\" data-color-hover=\"#ffffff\" data-background-hover=\"#2196F3\" data-box-shadow-color-hover=\"#bababa\" data-box-shadow-horz-hover=\"3\" data-box-shadow-vert-hover=\"3\" data-box-shadow-blur-hover=\"3\" data-box-shadow-spread-hover=\"0\" data-text=\"Button text\" href=\"\/es\/discover-air-and-me\/air-and-me-in-the-media\/\" type=\"button\">El Aire y Yo en los medios de comunicaci\u00f3n<\/a><\/p>\n<p>&nbsp;<\/p>\n<p>&nbsp;<\/p>\n<div id=\"style-btn-0d29b030-140d-82bd-5a61-7b993afaa74a\">\n<style class=\"style-btn\"><!--\n#btn-0d29b030-140d-82bd-5a61-7b993afaa74a {font-size: 13px;color: #ffffff;background: #2196F3;padding-left: 12px;padding-top: 6px;padding-right: 12px;padding-bottom: 6px;border-width: 1px;border-radius: 0px;-moz-border-radius: 0px;-webkit-border-radius: 0px;border-color: #2196F3;} #btn-0d29b030-140d-82bd-5a61-7b993afaa74a:hover {background: #2196F3;color: #ffffff;box-shadow: 3px 3px 3px 0px #bababa;-moz-box-shadow: 3px 3px 3px 0px #bababa;-webkit-box-shadow: 3px 3px 3px 0px #bababa;}\n--><\/style>\n<\/div>\n","protected":false},"excerpt":{"rendered":"<p>Ni\u00f1os, maestros, animadores y padres El Aire y Yo es un conjunto de herramientas educativas gratuitas (para un uso individual) creadas para maestros, animadores y padres que quieren educar a los ni\u00f1os sobre la contaminaci\u00f3n. Como profesor, moderador o padre, encontrar\u00e1s en el Aire y Yo una herramienta educativa integral, atractiva con un enfoque accesible,&hellip; <br \/> <a class=\"button small blue\" href=\"https:\/\/test.airandme.org\/es\/discover-air-and-me\/who-is-it-for-why-join\/\">Leer m\u00e1s<\/a><\/p>\n","protected":false},"author":1,"featured_media":0,"parent":2,"menu_order":3,"comment_status":"closed","ping_status":"closed","template":"","meta":{"footnotes":""},"class_list":["post-119","page","type-page","status-publish","hentry"],"yoast_head":"<!-- This site is optimized with the Yoast SEO plugin v26.8 - https:\/\/yoast.com\/product\/yoast-seo-wordpress\/ -->\n<title>Para qui\u00e9n ? Porqu\u00e9<\/title>\n<meta name=\"robots\" content=\"index, follow, max-snippet:-1, max-image-preview:large, max-video-preview:-1\" \/>\n<link rel=\"canonical\" href=\"https:\/\/test.airandme.org\/es\/discover-air-and-me\/who-is-it-for-why-join\/\" \/>\n<meta property=\"og:locale\" content=\"es_ES\" \/>\n<meta property=\"og:locale:alternate\" content=\"en_US\" \/>\n<meta property=\"og:locale:alternate\" content=\"fr_FR\" \/>\n<meta property=\"og:locale:alternate\" content=\"it\" \/>\n<meta property=\"og:locale:alternate\" content=\"de\" \/>\n<meta property=\"og:locale:alternate\" content=\"ar\" \/>\n<meta property=\"og:locale:alternate\" content=\"da\" \/>\n<meta property=\"og:locale:alternate\" content=\"zh\" \/>\n<meta property=\"og:locale:alternate\" content=\"pl\" \/>\n<meta property=\"og:type\" content=\"article\" \/>\n<meta property=\"og:title\" content=\"Para qui\u00e9n ? Porqu\u00e9\" \/>\n<meta property=\"og:description\" content=\"Ni\u00f1os, maestros, animadores y padres El Aire y Yo es un conjunto de herramientas educativas gratuitas (para un uso individual) creadas para maestros, animadores y padres que quieren educar a los ni\u00f1os sobre la contaminaci\u00f3n. Como profesor, moderador o padre, encontrar\u00e1s en el Aire y Yo una herramienta educativa integral, atractiva con un enfoque accesible,&hellip; Leer m\u00e1s\" \/>\n<meta property=\"og:url\" content=\"https:\/\/test.airandme.org\/es\/discover-air-and-me\/who-is-it-for-why-join\/\" \/>\n<meta property=\"og:site_name\" content=\"Air and Me\" \/>\n<meta property=\"article:publisher\" content=\"https:\/\/www.facebook.com\/lairetmoi\/\" \/>\n<meta property=\"article:modified_time\" content=\"2019-08-19T09:48:22+00:00\" \/>\n<meta property=\"og:image\" content=\"http:\/\/airandme.org\/wp-content\/uploads\/2018\/06\/premature-deaths.png\" \/>\n<meta name=\"twitter:card\" content=\"summary_large_image\" \/>\n<meta name=\"twitter:site\" content=\"@lairetmoi\" \/>\n<meta name=\"twitter:label1\" content=\"Tiempo de lectura\" \/>\n\t<meta name=\"twitter:data1\" content=\"5 minutos\" \/>\n<script type=\"application\/ld+json\" class=\"yoast-schema-graph\">{\"@context\":\"https:\/\/schema.org\",\"@graph\":[{\"@type\":\"WebPage\",\"@id\":\"https:\/\/test.airandme.org\/de\/discover-air-and-me\/who-is-it-for-why-join\/\",\"url\":\"https:\/\/test.airandme.org\/de\/discover-air-and-me\/who-is-it-for-why-join\/\",\"name\":\"Para qui\u00e9n ? Porqu\u00e9\",\"isPartOf\":{\"@id\":\"https:\/\/test.airandme.org\/de\/#website\"},\"primaryImageOfPage\":{\"@id\":\"https:\/\/test.airandme.org\/de\/discover-air-and-me\/who-is-it-for-why-join\/#primaryimage\"},\"image\":{\"@id\":\"https:\/\/test.airandme.org\/de\/discover-air-and-me\/who-is-it-for-why-join\/#primaryimage\"},\"thumbnailUrl\":\"http:\/\/airandme.org\/wp-content\/uploads\/2018\/06\/premature-deaths.png\",\"datePublished\":\"2018-03-26T08:28:01+00:00\",\"dateModified\":\"2019-08-19T09:48:22+00:00\",\"breadcrumb\":{\"@id\":\"https:\/\/test.airandme.org\/de\/discover-air-and-me\/who-is-it-for-why-join\/#breadcrumb\"},\"inLanguage\":\"es\",\"potentialAction\":[{\"@type\":\"ReadAction\",\"target\":[\"https:\/\/test.airandme.org\/de\/discover-air-and-me\/who-is-it-for-why-join\/\"]}]},{\"@type\":\"ImageObject\",\"inLanguage\":\"es\",\"@id\":\"https:\/\/test.airandme.org\/de\/discover-air-and-me\/who-is-it-for-why-join\/#primaryimage\",\"url\":\"http:\/\/airandme.org\/wp-content\/uploads\/2018\/06\/premature-deaths.png\",\"contentUrl\":\"http:\/\/airandme.org\/wp-content\/uploads\/2018\/06\/premature-deaths.png\"},{\"@type\":\"BreadcrumbList\",\"@id\":\"https:\/\/test.airandme.org\/de\/discover-air-and-me\/who-is-it-for-why-join\/#breadcrumb\",\"itemListElement\":[{\"@type\":\"ListItem\",\"position\":1,\"name\":\"Accueil\",\"item\":\"https:\/\/test.airandme.org\/de\/\"},{\"@type\":\"ListItem\",\"position\":2,\"name\":\"Die Luft und Ich entdecken\",\"item\":\"https:\/\/test.airandme.org\/de\/discover-air-and-me\/\"},{\"@type\":\"ListItem\",\"position\":3,\"name\":\"F\u00fcr wen ? Warum ?\"}]},{\"@type\":\"WebSite\",\"@id\":\"https:\/\/test.airandme.org\/de\/#website\",\"url\":\"https:\/\/test.airandme.org\/de\/\",\"name\":\"Air and Me\",\"description\":\"\",\"publisher\":{\"@id\":\"https:\/\/test.airandme.org\/de\/#organization\"},\"potentialAction\":[{\"@type\":\"SearchAction\",\"target\":{\"@type\":\"EntryPoint\",\"urlTemplate\":\"https:\/\/test.airandme.org\/de\/?s={search_term_string}\"},\"query-input\":{\"@type\":\"PropertyValueSpecification\",\"valueRequired\":true,\"valueName\":\"search_term_string\"}}],\"inLanguage\":\"es\"},{\"@type\":\"Organization\",\"@id\":\"https:\/\/test.airandme.org\/de\/#organization\",\"name\":\"F\u00e9d\u00e9ration L'Air et Moi\",\"url\":\"https:\/\/test.airandme.org\/de\/\",\"logo\":{\"@type\":\"ImageObject\",\"inLanguage\":\"es\",\"@id\":\"https:\/\/test.airandme.org\/de\/#\/schema\/logo\/image\/\",\"url\":\"https:\/\/test.airandme.org\/wp-content\/uploads\/2018\/03\/AAME_.png\",\"contentUrl\":\"https:\/\/test.airandme.org\/wp-content\/uploads\/2018\/03\/AAME_.png\",\"width\":441,\"height\":179,\"caption\":\"F\u00e9d\u00e9ration L'Air et Moi\"},\"image\":{\"@id\":\"https:\/\/test.airandme.org\/de\/#\/schema\/logo\/image\/\"},\"sameAs\":[\"https:\/\/www.facebook.com\/lairetmoi\/\",\"https:\/\/x.com\/lairetmoi\",\"https:\/\/www.youtube.com\/channel\/UCcguTqo1uDOSJcik4GveZhw\"]}]}<\/script>\n<!-- \/ Yoast SEO plugin. -->","yoast_head_json":{"title":"Para qui\u00e9n ? Porqu\u00e9","robots":{"index":"index","follow":"follow","max-snippet":"max-snippet:-1","max-image-preview":"max-image-preview:large","max-video-preview":"max-video-preview:-1"},"canonical":"https:\/\/test.airandme.org\/es\/discover-air-and-me\/who-is-it-for-why-join\/","og_locale":"es_ES","og_type":"article","og_title":"[:en]Who is it for? Why Join?[:fr]Pour qui ? Pourquoi ?[:es]Para qui\u00e9n ? Porqu\u00e9[:it]A chi \u00e8 adatto ? Per quale quale motivo ?[:ar]\u0644\u0645\u0646\u061f \u0644\u0645\u0627\u0630\u0627\u061f[:da]Hvorfor ? Hvorfor ?[:pl]Dla kogo? Dlaczego?[:de]F\u00fcr wen ? Warum ?[:] &#183; Air and Me","og_description":"Ni\u00f1os, maestros, animadores y padres El Aire y Yo es un conjunto de herramientas educativas gratuitas (para un uso individual) creadas para maestros, animadores y padres que quieren educar a los ni\u00f1os sobre la contaminaci\u00f3n. Como profesor, moderador o padre, encontrar\u00e1s en el Aire y Yo una herramienta educativa integral, atractiva con un enfoque accesible,&hellip; Leer m\u00e1s","og_url":"https:\/\/test.airandme.org\/es\/discover-air-and-me\/who-is-it-for-why-join\/","og_site_name":"Air and Me","article_publisher":"https:\/\/www.facebook.com\/lairetmoi\/","article_modified_time":"2019-08-19T09:48:22+00:00","og_image":[{"url":"http:\/\/airandme.org\/wp-content\/uploads\/2018\/06\/premature-deaths.png","type":"","width":"","height":""}],"twitter_card":"summary_large_image","twitter_site":"@lairetmoi","twitter_misc":{"Tiempo de lectura":"5 minutos"},"schema":{"@context":"https:\/\/schema.org","@graph":[{"@type":"WebPage","@id":"https:\/\/test.airandme.org\/de\/discover-air-and-me\/who-is-it-for-why-join\/","url":"https:\/\/test.airandme.org\/de\/discover-air-and-me\/who-is-it-for-why-join\/","name":"Para qui\u00e9n ? Porqu\u00e9","isPartOf":{"@id":"https:\/\/test.airandme.org\/de\/#website"},"primaryImageOfPage":{"@id":"https:\/\/test.airandme.org\/de\/discover-air-and-me\/who-is-it-for-why-join\/#primaryimage"},"image":{"@id":"https:\/\/test.airandme.org\/de\/discover-air-and-me\/who-is-it-for-why-join\/#primaryimage"},"thumbnailUrl":"http:\/\/airandme.org\/wp-content\/uploads\/2018\/06\/premature-deaths.png","datePublished":"2018-03-26T08:28:01+00:00","dateModified":"2019-08-19T09:48:22+00:00","breadcrumb":{"@id":"https:\/\/test.airandme.org\/de\/discover-air-and-me\/who-is-it-for-why-join\/#breadcrumb"},"inLanguage":"es","potentialAction":[{"@type":"ReadAction","target":["https:\/\/test.airandme.org\/de\/discover-air-and-me\/who-is-it-for-why-join\/"]}]},{"@type":"ImageObject","inLanguage":"es","@id":"https:\/\/test.airandme.org\/de\/discover-air-and-me\/who-is-it-for-why-join\/#primaryimage","url":"http:\/\/airandme.org\/wp-content\/uploads\/2018\/06\/premature-deaths.png","contentUrl":"http:\/\/airandme.org\/wp-content\/uploads\/2018\/06\/premature-deaths.png"},{"@type":"BreadcrumbList","@id":"https:\/\/test.airandme.org\/de\/discover-air-and-me\/who-is-it-for-why-join\/#breadcrumb","itemListElement":[{"@type":"ListItem","position":1,"name":"Accueil","item":"https:\/\/test.airandme.org\/de\/"},{"@type":"ListItem","position":2,"name":"Die Luft und Ich entdecken","item":"https:\/\/test.airandme.org\/de\/discover-air-and-me\/"},{"@type":"ListItem","position":3,"name":"F\u00fcr wen ? Warum ?"}]},{"@type":"WebSite","@id":"https:\/\/test.airandme.org\/de\/#website","url":"https:\/\/test.airandme.org\/de\/","name":"Air and Me","description":"","publisher":{"@id":"https:\/\/test.airandme.org\/de\/#organization"},"potentialAction":[{"@type":"SearchAction","target":{"@type":"EntryPoint","urlTemplate":"https:\/\/test.airandme.org\/de\/?s={search_term_string}"},"query-input":{"@type":"PropertyValueSpecification","valueRequired":true,"valueName":"search_term_string"}}],"inLanguage":"es"},{"@type":"Organization","@id":"https:\/\/test.airandme.org\/de\/#organization","name":"F\u00e9d\u00e9ration L'Air et Moi","url":"https:\/\/test.airandme.org\/de\/","logo":{"@type":"ImageObject","inLanguage":"es","@id":"https:\/\/test.airandme.org\/de\/#\/schema\/logo\/image\/","url":"https:\/\/test.airandme.org\/wp-content\/uploads\/2018\/03\/AAME_.png","contentUrl":"https:\/\/test.airandme.org\/wp-content\/uploads\/2018\/03\/AAME_.png","width":441,"height":179,"caption":"F\u00e9d\u00e9ration L'Air et Moi"},"image":{"@id":"https:\/\/test.airandme.org\/de\/#\/schema\/logo\/image\/"},"sameAs":["https:\/\/www.facebook.com\/lairetmoi\/","https:\/\/x.com\/lairetmoi","https:\/\/www.youtube.com\/channel\/UCcguTqo1uDOSJcik4GveZhw"]}]}},"_links":{"self":[{"href":"https:\/\/test.airandme.org\/es\/wp-json\/wp\/v2\/pages\/119","targetHints":{"allow":["GET"]}}],"collection":[{"href":"https:\/\/test.airandme.org\/es\/wp-json\/wp\/v2\/pages"}],"about":[{"href":"https:\/\/test.airandme.org\/es\/wp-json\/wp\/v2\/types\/page"}],"author":[{"embeddable":true,"href":"https:\/\/test.airandme.org\/es\/wp-json\/wp\/v2\/users\/1"}],"replies":[{"embeddable":true,"href":"https:\/\/test.airandme.org\/es\/wp-json\/wp\/v2\/comments?post=119"}],"version-history":[{"count":0,"href":"https:\/\/test.airandme.org\/es\/wp-json\/wp\/v2\/pages\/119\/revisions"}],"up":[{"embeddable":true,"href":"https:\/\/test.airandme.org\/es\/wp-json\/wp\/v2\/pages\/2"}],"wp:attachment":[{"href":"https:\/\/test.airandme.org\/es\/wp-json\/wp\/v2\/media?parent=119"}],"curies":[{"name":"wp","href":"https:\/\/api.w.org\/{rel}","templated":true}]}}