{"id":119,"date":"2018-03-26T10:28:01","date_gmt":"2018-03-26T08:28:01","guid":{"rendered":"http:\/\/airandme.org\/?page_id=119"},"modified":"2019-08-19T11:48:22","modified_gmt":"2019-08-19T09:48:22","slug":"who-is-it-for-why-join","status":"publish","type":"page","link":"https:\/\/test.airandme.org\/fr\/discover-air-and-me\/who-is-it-for-why-join\/","title":{"rendered":"Pour qui ? Pourquoi ?"},"content":{"rendered":"<h2>Enfants, professeurs, animateurs et parents<\/h2>\n<p><strong>L\u2019Air et Moi est un ensemble d\u2019outils p\u00e9dagogiques gratuit (pour un utilisateur individuel) cr\u00e9\u00e9 pour les professeurs, les animateurs et les parents souhaitant sensibiliser les enfants \u00e0 la pollution.<\/strong><\/p>\n<p><img decoding=\"async\" class=\"wp-image-393 alignright\" src=\"http:\/\/airandme.org\/wp-content\/uploads\/2018\/03\/deaths-year-fr.png\" alt=\"Nombre de d\u00e9c\u00e8s par an pollution de L'Air\" width=\"181\" height=\"122\" \/><br \/>En tant que professeur, animateur ou parent, vous trouverez dans L\u2019Air et Moi un <strong>outil \u00e9ducatif complet, attractif avec une approche accessible, ludique et pr\u00e9cis<\/strong> vous permettant de sensibiliser enfants et \u00e9l\u00e8ves aux enjeux li\u00e9s \u00e0 la qualit\u00e9 de l\u2019air.\u00a0<\/p>\n<div id=\"\" class=\"wpsestyles green-message\">\n<h4><span style=\"color: #000000;\"><span style=\"color: #333333;\">L\u2019Air et Moi est un <strong>outil coop\u00e9ratif en constante \u00e9volution<\/strong>. Dans un souci d\u2019exigence et d\u2019am\u00e9lioration permanent, <strong>votre retour est tr\u00e8s important pour nous<\/strong>\u00a0! <\/span><br \/><span style=\"color: #333333;\">C\u2019est pourquoi, apr\u00e8s avoir effectu\u00e9 une animation \u00e0 l\u2019aide de nos outils, <strong>nous vous invitons \u00e0 nous transmettre vos commentaires<\/strong> en remplissant le formulaire<\/span>\u00a0<\/span> <span style=\"color: #ffff99;\"><a href=\"http:\/\/www.lairetmoi.org\/une-minute-pour-lair-et-moi.html\" style=\"color: #ffff99;\">Une Minute pour L\u2019Air et Moi<\/a><\/span> <span style=\"color: #000000;\">ou en<\/span> <span style=\"color: #ffff99;\"><a href=\"\/fr\/who-is-air-and-me\/contact\/\" style=\"color: #ffff99;\">nous contactant<\/a><\/span><span style=\"color: #000000;\">.<\/span><\/h4>\n<\/div>\n<p style=\"text-align: center;\"><div id=\"envira-gallery-wrap-1216\" class=\"envira-gallery-wrap envira-gallery-theme-base envira-lightbox-theme-base\" itemscope itemtype=\"https:\/\/schema.org\/ImageGallery\"><div data-row-height=\"150\" data-gallery-theme=\"normal\" id=\"envira-gallery-1216\" class=\"envira-gallery-public envira-gallery-justified-public envira-gallery-0-columns envira-clear enviratope envira-gallery-css-animations\" data-envira-columns=\"0\"><div id=\"envira-gallery-item-1221\" class=\"envira-gallery-item enviratope-item envira-gallery-item-1 envira-lazy-load\" style=\"padding-left: 5px; padding-bottom: 10px; padding-right: 5px;\"  itemscope itemtype=\"https:\/\/schema.org\/ImageObject\"><div class=\"envira-gallery-item-inner\"><div class=\"envira-gallery-position-overlay  envira-gallery-top-left\"><\/div><div class=\"envira-gallery-position-overlay  envira-gallery-top-right\"><\/div><div class=\"envira-gallery-position-overlay  envira-gallery-bottom-left\"><\/div><div class=\"envira-gallery-position-overlay  envira-gallery-bottom-right\"><\/div><a href=\"http:\/\/airandme.org\/wp-content\/uploads\/2018\/09\/Ph20180601-Toulon-Rencontres-DD-1.jpg\" class=\"envira-gallery-1216 envira-gallery-link\" rel=\"enviragallery1216\" title=\"&Eacute;v&eacute;nement Toulon\" data-envira-caption=\"&Eacute;v&eacute;nement Toulon\" data-envira-retina=\"\" data-thumbnail=\"\"  itemprop=\"contentUrl\"><img decoding=\"async\" id=\"envira-gallery-image-1221\" class=\"envira-gallery-image envira-gallery-image-1 envira-normal envira-lazy\" data-envira-index=\"1\" src=\"https:\/\/test.airandme.org\/wp-content\/uploads\/2018\/09\/Ph20180601-Toulon-Rencontres-DD-1-1024x575.jpg\" data-envira-src=\"https:\/\/test.airandme.org\/wp-content\/uploads\/2018\/09\/Ph20180601-Toulon-Rencontres-DD-1-1024x575.jpg\" data-envira-gallery-id=\"1216\" data-envira-item-id=\"1221\" data-envira-caption=\"&Eacute;v&eacute;nement Toulon\" alt=\"\" title=\"\u00c9v\u00e9nement Toulon\"  itemprop=\"thumbnailUrl\" data-envira-srcset=\"https:\/\/test.airandme.org\/wp-content\/uploads\/2018\/09\/Ph20180601-Toulon-Rencontres-DD-1-1024x575.jpg 400w,https:\/\/test.airandme.org\/wp-content\/uploads\/2018\/09\/Ph20180601-Toulon-Rencontres-DD-1-1024x575.jpg 2x\" data-envira-width=\"300\" data-envira-height=\"169\" srcset=\"data:image\/gif;base64,R0lGODlhAQABAIAAAP\/\/\/\/\/\/\/yH5BAEKAAEALAAAAAABAAEAAAICTAEAOw==\" data-safe-src=\"data:image\/gif;base64,R0lGODlhAQABAIAAAP\/\/\/\/\/\/\/yH5BAEKAAEALAAAAAABAAEAAAICTAEAOw==\" \/><\/a><\/div><\/div><div id=\"envira-gallery-item-1222\" class=\"envira-gallery-item enviratope-item envira-gallery-item-2 envira-lazy-load\" style=\"padding-left: 5px; padding-bottom: 10px; padding-right: 5px;\"  itemscope itemtype=\"https:\/\/schema.org\/ImageObject\"><div class=\"envira-gallery-item-inner\"><div class=\"envira-gallery-position-overlay  envira-gallery-top-left\"><\/div><div class=\"envira-gallery-position-overlay  envira-gallery-top-right\"><\/div><div class=\"envira-gallery-position-overlay  envira-gallery-bottom-left\"><\/div><div class=\"envira-gallery-position-overlay  envira-gallery-bottom-right\"><\/div><a href=\"http:\/\/airandme.org\/wp-content\/uploads\/2018\/09\/Ph20180601-Toulon-Rencontres-DD-3.jpg\" class=\"envira-gallery-1216 envira-gallery-link\" rel=\"enviragallery1216\" title=\"&Eacute;v&eacute;nement Toulon\" data-envira-caption=\"&Eacute;v&eacute;nement Toulon\" data-envira-retina=\"\" data-thumbnail=\"\"  itemprop=\"contentUrl\"><img decoding=\"async\" id=\"envira-gallery-image-1222\" class=\"envira-gallery-image envira-gallery-image-2 envira-normal envira-lazy\" data-envira-index=\"2\" src=\"https:\/\/test.airandme.org\/wp-content\/uploads\/2018\/09\/Ph20180601-Toulon-Rencontres-DD-3-1024x575.jpg\" data-envira-src=\"https:\/\/test.airandme.org\/wp-content\/uploads\/2018\/09\/Ph20180601-Toulon-Rencontres-DD-3-1024x575.jpg\" data-envira-gallery-id=\"1216\" data-envira-item-id=\"1222\" data-envira-caption=\"&Eacute;v&eacute;nement Toulon\" alt=\"\" title=\"\u00c9v\u00e9nement Toulon\"  itemprop=\"thumbnailUrl\" data-envira-srcset=\"https:\/\/test.airandme.org\/wp-content\/uploads\/2018\/09\/Ph20180601-Toulon-Rencontres-DD-3-1024x575.jpg 400w,https:\/\/test.airandme.org\/wp-content\/uploads\/2018\/09\/Ph20180601-Toulon-Rencontres-DD-3-1024x575.jpg 2x\" data-envira-width=\"300\" data-envira-height=\"169\" srcset=\"data:image\/gif;base64,R0lGODlhAQABAIAAAP\/\/\/\/\/\/\/yH5BAEKAAEALAAAAAABAAEAAAICTAEAOw==\" data-safe-src=\"data:image\/gif;base64,R0lGODlhAQABAIAAAP\/\/\/\/\/\/\/yH5BAEKAAEALAAAAAABAAEAAAICTAEAOw==\" \/><\/a><\/div><\/div><div id=\"envira-gallery-item-1223\" class=\"envira-gallery-item enviratope-item envira-gallery-item-3 envira-lazy-load\" style=\"padding-left: 5px; padding-bottom: 10px; padding-right: 5px;\"  itemscope itemtype=\"https:\/\/schema.org\/ImageObject\"><div class=\"envira-gallery-item-inner\"><div class=\"envira-gallery-position-overlay  envira-gallery-top-left\"><\/div><div class=\"envira-gallery-position-overlay  envira-gallery-top-right\"><\/div><div class=\"envira-gallery-position-overlay  envira-gallery-bottom-left\"><\/div><div class=\"envira-gallery-position-overlay  envira-gallery-bottom-right\"><\/div><a href=\"http:\/\/airandme.org\/wp-content\/uploads\/2018\/09\/Ph20180601-Toulon-Rencontres-DD-6.jpg\" class=\"envira-gallery-1216 envira-gallery-link\" rel=\"enviragallery1216\" title=\"&Eacute;v&eacute;nement Toulon\" data-envira-caption=\"&Eacute;v&eacute;nement Toulon\" data-envira-retina=\"\" data-thumbnail=\"\"  itemprop=\"contentUrl\"><img decoding=\"async\" id=\"envira-gallery-image-1223\" class=\"envira-gallery-image envira-gallery-image-3 envira-normal envira-lazy\" data-envira-index=\"3\" src=\"https:\/\/test.airandme.org\/wp-content\/uploads\/2018\/09\/Ph20180601-Toulon-Rencontres-DD-6-1024x575.jpg\" data-envira-src=\"https:\/\/test.airandme.org\/wp-content\/uploads\/2018\/09\/Ph20180601-Toulon-Rencontres-DD-6-1024x575.jpg\" data-envira-gallery-id=\"1216\" data-envira-item-id=\"1223\" data-envira-caption=\"&Eacute;v&eacute;nement Toulon\" alt=\"\" title=\"\u00c9v\u00e9nement Toulon\"  itemprop=\"thumbnailUrl\" data-envira-srcset=\"https:\/\/test.airandme.org\/wp-content\/uploads\/2018\/09\/Ph20180601-Toulon-Rencontres-DD-6-1024x575.jpg 400w,https:\/\/test.airandme.org\/wp-content\/uploads\/2018\/09\/Ph20180601-Toulon-Rencontres-DD-6-1024x575.jpg 2x\" data-envira-width=\"300\" data-envira-height=\"169\" srcset=\"data:image\/gif;base64,R0lGODlhAQABAIAAAP\/\/\/\/\/\/\/yH5BAEKAAEALAAAAAABAAEAAAICTAEAOw==\" data-safe-src=\"data:image\/gif;base64,R0lGODlhAQABAIAAAP\/\/\/\/\/\/\/yH5BAEKAAEALAAAAAABAAEAAAICTAEAOw==\" \/><\/a><\/div><\/div><div id=\"envira-gallery-item-1224\" class=\"envira-gallery-item enviratope-item envira-gallery-item-4 envira-lazy-load\" style=\"padding-left: 5px; padding-bottom: 10px; padding-right: 5px;\"  itemscope itemtype=\"https:\/\/schema.org\/ImageObject\"><div class=\"envira-gallery-item-inner\"><div class=\"envira-gallery-position-overlay  envira-gallery-top-left\"><\/div><div class=\"envira-gallery-position-overlay  envira-gallery-top-right\"><\/div><div class=\"envira-gallery-position-overlay  envira-gallery-bottom-left\"><\/div><div class=\"envira-gallery-position-overlay  envira-gallery-bottom-right\"><\/div><a href=\"http:\/\/airandme.org\/wp-content\/uploads\/2018\/09\/Ph20180601-Toulon-Rencontres-DD-11.jpg\" class=\"envira-gallery-1216 envira-gallery-link\" rel=\"enviragallery1216\" title=\"&Eacute;v&eacute;nement Toulon\" data-envira-caption=\"&Eacute;v&eacute;nement Toulon\" data-envira-retina=\"\" data-thumbnail=\"\"  itemprop=\"contentUrl\"><img decoding=\"async\" id=\"envira-gallery-image-1224\" class=\"envira-gallery-image envira-gallery-image-4 envira-normal envira-lazy\" data-envira-index=\"4\" src=\"https:\/\/test.airandme.org\/wp-content\/uploads\/2018\/09\/Ph20180601-Toulon-Rencontres-DD-11-1024x575.jpg\" data-envira-src=\"https:\/\/test.airandme.org\/wp-content\/uploads\/2018\/09\/Ph20180601-Toulon-Rencontres-DD-11-1024x575.jpg\" data-envira-gallery-id=\"1216\" data-envira-item-id=\"1224\" data-envira-caption=\"&Eacute;v&eacute;nement Toulon\" alt=\"\" title=\"\u00c9v\u00e9nement Toulon\"  itemprop=\"thumbnailUrl\" data-envira-srcset=\"https:\/\/test.airandme.org\/wp-content\/uploads\/2018\/09\/Ph20180601-Toulon-Rencontres-DD-11-1024x575.jpg 400w,https:\/\/test.airandme.org\/wp-content\/uploads\/2018\/09\/Ph20180601-Toulon-Rencontres-DD-11-1024x575.jpg 2x\" data-envira-width=\"300\" data-envira-height=\"169\" srcset=\"data:image\/gif;base64,R0lGODlhAQABAIAAAP\/\/\/\/\/\/\/yH5BAEKAAEALAAAAAABAAEAAAICTAEAOw==\" data-safe-src=\"data:image\/gif;base64,R0lGODlhAQABAIAAAP\/\/\/\/\/\/\/yH5BAEKAAEALAAAAAABAAEAAAICTAEAOw==\" \/><\/a><\/div><\/div><\/div><\/div><noscript><img decoding=\"async\" src=\"https:\/\/test.airandme.org\/wp-content\/uploads\/2018\/09\/Ph20180601-Toulon-Rencontres-DD-1.jpg\" alt=\"\" \/><img decoding=\"async\" src=\"https:\/\/test.airandme.org\/wp-content\/uploads\/2018\/09\/Ph20180601-Toulon-Rencontres-DD-3.jpg\" alt=\"\" \/><img decoding=\"async\" src=\"https:\/\/test.airandme.org\/wp-content\/uploads\/2018\/09\/Ph20180601-Toulon-Rencontres-DD-6.jpg\" alt=\"\" \/><img decoding=\"async\" src=\"https:\/\/test.airandme.org\/wp-content\/uploads\/2018\/09\/Ph20180601-Toulon-Rencontres-DD-11.jpg\" alt=\"\" \/><\/noscript><\/p>\n<p><a class=\"wpsebtn\" id=\"btn-0d29b030-140d-82bd-5a61-7b993afaa74a\" data-font-size=\"13\" data-color=\"#ffffff\" data-background=\"#2196F3\" data-padding-left=\"12\" data-padding-top=\"6\" data-padding-right=\"12\" data-padding-bottom=\"6\" data-border-width=\"1\" data-border-radius=\"0\" data-border-color=\"#2196F3\" data-color-hover=\"#ffffff\" data-background-hover=\"#2196F3\" data-box-shadow-color-hover=\"#bababa\" data-box-shadow-horz-hover=\"3\" data-box-shadow-vert-hover=\"3\" data-box-shadow-blur-hover=\"3\" data-box-shadow-spread-hover=\"0\" data-text=\"Button text\" href=\"\/fr\/discover-air-and-me\/air-and-me-in-the-media\/\" type=\"button\">L\u2019Air et Moi dans les m\u00e9dias<\/a><\/p>\n<p>&nbsp;<\/p>\n<div id=\"style-btn-0d29b030-140d-82bd-5a61-7b993afaa74a\">\n<style class=\"style-btn\"><!--\n#btn-0d29b030-140d-82bd-5a61-7b993afaa74a {font-size: 13px;color: #ffffff;background: #2196F3;padding-left: 12px;padding-top: 6px;padding-right: 12px;padding-bottom: 6px;border-width: 1px;border-radius: 0px;-moz-border-radius: 0px;-webkit-border-radius: 0px;border-color: #2196F3;} #btn-0d29b030-140d-82bd-5a61-7b993afaa74a:hover {background: #2196F3;color: #ffffff;box-shadow: 3px 3px 3px 0px #bababa;-moz-box-shadow: 3px 3px 3px 0px #bababa;-webkit-box-shadow: 3px 3px 3px 0px #bababa;}\n--><\/style>\n<\/div>\n","protected":false},"excerpt":{"rendered":"<p>Enfants, professeurs, animateurs et parents L\u2019Air et Moi est un ensemble d\u2019outils p\u00e9dagogiques gratuit (pour un utilisateur individuel) cr\u00e9\u00e9 pour les professeurs, les animateurs et les parents souhaitant sensibiliser les enfants \u00e0 la pollution. En tant que professeur, animateur ou parent, vous trouverez dans L\u2019Air et Moi un outil \u00e9ducatif complet, attractif avec une approche&hellip; <br \/> <a class=\"button small blue\" href=\"https:\/\/test.airandme.org\/fr\/discover-air-and-me\/who-is-it-for-why-join\/\">Lire la suite<\/a><\/p>\n","protected":false},"author":1,"featured_media":0,"parent":2,"menu_order":3,"comment_status":"closed","ping_status":"closed","template":"","meta":{"footnotes":""},"class_list":["post-119","page","type-page","status-publish","hentry"],"yoast_head":"<!-- This site is optimized with the Yoast SEO plugin v26.8 - https:\/\/yoast.com\/product\/yoast-seo-wordpress\/ -->\n<title>Pour qui ? Pourquoi ?<\/title>\n<meta name=\"robots\" content=\"index, follow, max-snippet:-1, max-image-preview:large, max-video-preview:-1\" \/>\n<link rel=\"canonical\" href=\"https:\/\/test.airandme.org\/fr\/discover-air-and-me\/who-is-it-for-why-join\/\" \/>\n<meta property=\"og:locale\" content=\"fr_FR\" \/>\n<meta property=\"og:locale:alternate\" content=\"en_US\" \/>\n<meta property=\"og:locale:alternate\" content=\"es\" \/>\n<meta property=\"og:locale:alternate\" content=\"it\" \/>\n<meta property=\"og:locale:alternate\" content=\"de\" \/>\n<meta property=\"og:locale:alternate\" content=\"ar\" \/>\n<meta property=\"og:locale:alternate\" content=\"da\" \/>\n<meta property=\"og:locale:alternate\" content=\"zh\" \/>\n<meta property=\"og:locale:alternate\" content=\"pl\" \/>\n<meta property=\"og:type\" content=\"article\" \/>\n<meta property=\"og:title\" content=\"Pour qui ? Pourquoi ?\" \/>\n<meta property=\"og:description\" content=\"Enfants, professeurs, animateurs et parents L\u2019Air et Moi est un ensemble d\u2019outils p\u00e9dagogiques gratuit (pour un utilisateur individuel) cr\u00e9\u00e9 pour les professeurs, les animateurs et les parents souhaitant sensibiliser les enfants \u00e0 la pollution. En tant que professeur, animateur ou parent, vous trouverez dans L\u2019Air et Moi un outil \u00e9ducatif complet, attractif avec une approche&hellip; Lire la suite\" \/>\n<meta property=\"og:url\" content=\"https:\/\/test.airandme.org\/fr\/discover-air-and-me\/who-is-it-for-why-join\/\" \/>\n<meta property=\"og:site_name\" content=\"Air and Me.org\" \/>\n<meta property=\"article:publisher\" content=\"https:\/\/www.facebook.com\/lairetmoi\/\" \/>\n<meta property=\"article:modified_time\" content=\"2019-08-19T09:48:22+00:00\" \/>\n<meta property=\"og:image\" content=\"http:\/\/airandme.org\/wp-content\/uploads\/2018\/06\/premature-deaths.png\" \/>\n<meta name=\"twitter:card\" content=\"summary_large_image\" \/>\n<meta name=\"twitter:site\" content=\"@lairetmoi\" \/>\n<meta name=\"twitter:label1\" content=\"Dur\u00e9e de lecture estim\u00e9e\" \/>\n\t<meta name=\"twitter:data1\" content=\"5 minutes\" \/>\n<script type=\"application\/ld+json\" class=\"yoast-schema-graph\">{\"@context\":\"https:\/\/schema.org\",\"@graph\":[{\"@type\":\"WebPage\",\"@id\":\"https:\/\/test.airandme.org\/de\/discover-air-and-me\/who-is-it-for-why-join\/\",\"url\":\"https:\/\/test.airandme.org\/de\/discover-air-and-me\/who-is-it-for-why-join\/\",\"name\":\"Pour qui ? Pourquoi ?\",\"isPartOf\":{\"@id\":\"https:\/\/test.airandme.org\/de\/#website\"},\"primaryImageOfPage\":{\"@id\":\"https:\/\/test.airandme.org\/de\/discover-air-and-me\/who-is-it-for-why-join\/#primaryimage\"},\"image\":{\"@id\":\"https:\/\/test.airandme.org\/de\/discover-air-and-me\/who-is-it-for-why-join\/#primaryimage\"},\"thumbnailUrl\":\"http:\/\/airandme.org\/wp-content\/uploads\/2018\/06\/premature-deaths.png\",\"datePublished\":\"2018-03-26T08:28:01+00:00\",\"dateModified\":\"2019-08-19T09:48:22+00:00\",\"breadcrumb\":{\"@id\":\"https:\/\/test.airandme.org\/de\/discover-air-and-me\/who-is-it-for-why-join\/#breadcrumb\"},\"inLanguage\":\"fr-FR\",\"potentialAction\":[{\"@type\":\"ReadAction\",\"target\":[\"https:\/\/test.airandme.org\/de\/discover-air-and-me\/who-is-it-for-why-join\/\"]}]},{\"@type\":\"ImageObject\",\"inLanguage\":\"fr-FR\",\"@id\":\"https:\/\/test.airandme.org\/de\/discover-air-and-me\/who-is-it-for-why-join\/#primaryimage\",\"url\":\"http:\/\/airandme.org\/wp-content\/uploads\/2018\/06\/premature-deaths.png\",\"contentUrl\":\"http:\/\/airandme.org\/wp-content\/uploads\/2018\/06\/premature-deaths.png\"},{\"@type\":\"BreadcrumbList\",\"@id\":\"https:\/\/test.airandme.org\/de\/discover-air-and-me\/who-is-it-for-why-join\/#breadcrumb\",\"itemListElement\":[{\"@type\":\"ListItem\",\"position\":1,\"name\":\"Accueil\",\"item\":\"https:\/\/test.airandme.org\/de\/\"},{\"@type\":\"ListItem\",\"position\":2,\"name\":\"Die Luft und Ich entdecken\",\"item\":\"https:\/\/test.airandme.org\/de\/discover-air-and-me\/\"},{\"@type\":\"ListItem\",\"position\":3,\"name\":\"F\u00fcr wen ? Warum ?\"}]},{\"@type\":\"WebSite\",\"@id\":\"https:\/\/test.airandme.org\/de\/#website\",\"url\":\"https:\/\/test.airandme.org\/de\/\",\"name\":\"Air and Me\",\"description\":\"\",\"publisher\":{\"@id\":\"https:\/\/test.airandme.org\/de\/#organization\"},\"potentialAction\":[{\"@type\":\"SearchAction\",\"target\":{\"@type\":\"EntryPoint\",\"urlTemplate\":\"https:\/\/test.airandme.org\/de\/?s={search_term_string}\"},\"query-input\":{\"@type\":\"PropertyValueSpecification\",\"valueRequired\":true,\"valueName\":\"search_term_string\"}}],\"inLanguage\":\"fr-FR\"},{\"@type\":\"Organization\",\"@id\":\"https:\/\/test.airandme.org\/de\/#organization\",\"name\":\"F\u00e9d\u00e9ration L'Air et Moi\",\"url\":\"https:\/\/test.airandme.org\/de\/\",\"logo\":{\"@type\":\"ImageObject\",\"inLanguage\":\"fr-FR\",\"@id\":\"https:\/\/test.airandme.org\/de\/#\/schema\/logo\/image\/\",\"url\":\"https:\/\/test.airandme.org\/wp-content\/uploads\/2018\/03\/AAME_.png\",\"contentUrl\":\"https:\/\/test.airandme.org\/wp-content\/uploads\/2018\/03\/AAME_.png\",\"width\":441,\"height\":179,\"caption\":\"F\u00e9d\u00e9ration L'Air et Moi\"},\"image\":{\"@id\":\"https:\/\/test.airandme.org\/de\/#\/schema\/logo\/image\/\"},\"sameAs\":[\"https:\/\/www.facebook.com\/lairetmoi\/\",\"https:\/\/x.com\/lairetmoi\",\"https:\/\/www.youtube.com\/channel\/UCcguTqo1uDOSJcik4GveZhw\"]}]}<\/script>\n<!-- \/ Yoast SEO plugin. -->","yoast_head_json":{"title":"Pour qui ? Pourquoi ?","robots":{"index":"index","follow":"follow","max-snippet":"max-snippet:-1","max-image-preview":"max-image-preview:large","max-video-preview":"max-video-preview:-1"},"canonical":"https:\/\/test.airandme.org\/fr\/discover-air-and-me\/who-is-it-for-why-join\/","og_locale":"fr_FR","og_type":"article","og_title":"[:en]Who is it for? Why Join?[:fr]Pour qui ? Pourquoi ?[:es]Para qui\u00e9n ? Porqu\u00e9[:it]A chi \u00e8 adatto ? Per quale quale motivo ?[:ar]\u0644\u0645\u0646\u061f \u0644\u0645\u0627\u0630\u0627\u061f[:da]Hvorfor ? Hvorfor ?[:pl]Dla kogo? Dlaczego?[:de]F\u00fcr wen ? Warum ?[:] &#183; Air and Me.org","og_description":"Enfants, professeurs, animateurs et parents L\u2019Air et Moi est un ensemble d\u2019outils p\u00e9dagogiques gratuit (pour un utilisateur individuel) cr\u00e9\u00e9 pour les professeurs, les animateurs et les parents souhaitant sensibiliser les enfants \u00e0 la pollution. En tant que professeur, animateur ou parent, vous trouverez dans L\u2019Air et Moi un outil \u00e9ducatif complet, attractif avec une approche&hellip; Lire la suite","og_url":"https:\/\/test.airandme.org\/fr\/discover-air-and-me\/who-is-it-for-why-join\/","og_site_name":"Air and Me.org","article_publisher":"https:\/\/www.facebook.com\/lairetmoi\/","article_modified_time":"2019-08-19T09:48:22+00:00","og_image":[{"url":"http:\/\/airandme.org\/wp-content\/uploads\/2018\/06\/premature-deaths.png","type":"","width":"","height":""}],"twitter_card":"summary_large_image","twitter_site":"@lairetmoi","twitter_misc":{"Dur\u00e9e de lecture estim\u00e9e":"5 minutes"},"schema":{"@context":"https:\/\/schema.org","@graph":[{"@type":"WebPage","@id":"https:\/\/test.airandme.org\/de\/discover-air-and-me\/who-is-it-for-why-join\/","url":"https:\/\/test.airandme.org\/de\/discover-air-and-me\/who-is-it-for-why-join\/","name":"Pour qui ? Pourquoi ?","isPartOf":{"@id":"https:\/\/test.airandme.org\/de\/#website"},"primaryImageOfPage":{"@id":"https:\/\/test.airandme.org\/de\/discover-air-and-me\/who-is-it-for-why-join\/#primaryimage"},"image":{"@id":"https:\/\/test.airandme.org\/de\/discover-air-and-me\/who-is-it-for-why-join\/#primaryimage"},"thumbnailUrl":"http:\/\/airandme.org\/wp-content\/uploads\/2018\/06\/premature-deaths.png","datePublished":"2018-03-26T08:28:01+00:00","dateModified":"2019-08-19T09:48:22+00:00","breadcrumb":{"@id":"https:\/\/test.airandme.org\/de\/discover-air-and-me\/who-is-it-for-why-join\/#breadcrumb"},"inLanguage":"fr-FR","potentialAction":[{"@type":"ReadAction","target":["https:\/\/test.airandme.org\/de\/discover-air-and-me\/who-is-it-for-why-join\/"]}]},{"@type":"ImageObject","inLanguage":"fr-FR","@id":"https:\/\/test.airandme.org\/de\/discover-air-and-me\/who-is-it-for-why-join\/#primaryimage","url":"http:\/\/airandme.org\/wp-content\/uploads\/2018\/06\/premature-deaths.png","contentUrl":"http:\/\/airandme.org\/wp-content\/uploads\/2018\/06\/premature-deaths.png"},{"@type":"BreadcrumbList","@id":"https:\/\/test.airandme.org\/de\/discover-air-and-me\/who-is-it-for-why-join\/#breadcrumb","itemListElement":[{"@type":"ListItem","position":1,"name":"Accueil","item":"https:\/\/test.airandme.org\/de\/"},{"@type":"ListItem","position":2,"name":"Die Luft und Ich entdecken","item":"https:\/\/test.airandme.org\/de\/discover-air-and-me\/"},{"@type":"ListItem","position":3,"name":"F\u00fcr wen ? Warum ?"}]},{"@type":"WebSite","@id":"https:\/\/test.airandme.org\/de\/#website","url":"https:\/\/test.airandme.org\/de\/","name":"Air and Me","description":"","publisher":{"@id":"https:\/\/test.airandme.org\/de\/#organization"},"potentialAction":[{"@type":"SearchAction","target":{"@type":"EntryPoint","urlTemplate":"https:\/\/test.airandme.org\/de\/?s={search_term_string}"},"query-input":{"@type":"PropertyValueSpecification","valueRequired":true,"valueName":"search_term_string"}}],"inLanguage":"fr-FR"},{"@type":"Organization","@id":"https:\/\/test.airandme.org\/de\/#organization","name":"F\u00e9d\u00e9ration L'Air et Moi","url":"https:\/\/test.airandme.org\/de\/","logo":{"@type":"ImageObject","inLanguage":"fr-FR","@id":"https:\/\/test.airandme.org\/de\/#\/schema\/logo\/image\/","url":"https:\/\/test.airandme.org\/wp-content\/uploads\/2018\/03\/AAME_.png","contentUrl":"https:\/\/test.airandme.org\/wp-content\/uploads\/2018\/03\/AAME_.png","width":441,"height":179,"caption":"F\u00e9d\u00e9ration L'Air et Moi"},"image":{"@id":"https:\/\/test.airandme.org\/de\/#\/schema\/logo\/image\/"},"sameAs":["https:\/\/www.facebook.com\/lairetmoi\/","https:\/\/x.com\/lairetmoi","https:\/\/www.youtube.com\/channel\/UCcguTqo1uDOSJcik4GveZhw"]}]}},"_links":{"self":[{"href":"https:\/\/test.airandme.org\/fr\/wp-json\/wp\/v2\/pages\/119","targetHints":{"allow":["GET"]}}],"collection":[{"href":"https:\/\/test.airandme.org\/fr\/wp-json\/wp\/v2\/pages"}],"about":[{"href":"https:\/\/test.airandme.org\/fr\/wp-json\/wp\/v2\/types\/page"}],"author":[{"embeddable":true,"href":"https:\/\/test.airandme.org\/fr\/wp-json\/wp\/v2\/users\/1"}],"replies":[{"embeddable":true,"href":"https:\/\/test.airandme.org\/fr\/wp-json\/wp\/v2\/comments?post=119"}],"version-history":[{"count":0,"href":"https:\/\/test.airandme.org\/fr\/wp-json\/wp\/v2\/pages\/119\/revisions"}],"up":[{"embeddable":true,"href":"https:\/\/test.airandme.org\/fr\/wp-json\/wp\/v2\/pages\/2"}],"wp:attachment":[{"href":"https:\/\/test.airandme.org\/fr\/wp-json\/wp\/v2\/media?parent=119"}],"curies":[{"name":"wp","href":"https:\/\/api.w.org\/{rel}","templated":true}]}}