{"id":119,"date":"2018-03-26T10:28:01","date_gmt":"2018-03-26T08:28:01","guid":{"rendered":"http:\/\/airandme.org\/?page_id=119"},"modified":"2019-08-19T11:48:22","modified_gmt":"2019-08-19T09:48:22","slug":"who-is-it-for-why-join","status":"publish","type":"page","link":"https:\/\/test.airandme.org\/it\/discover-air-and-me\/who-is-it-for-why-join\/","title":{"rendered":"A chi \u00e8 adatto ? Per quale quale motivo ?"},"content":{"rendered":"<h2>Bambini, professori, educatori e genitori<\/h2>\n<p>Noi e l\u2019Aria \u00e8 un insieme di strumenti pedagogici gratuito (per un singolo operatore) creato per i professori, gli educatori ed i genitori che hanno intenzione di sensibilizzare i bambini e i giovani sul tema dell\u2019inquinamento atmosferico.<\/p>\n<p><img decoding=\"async\" class=\"wp-image-918  alignright\" src=\"http:\/\/airandme.org\/wp-content\/uploads\/2018\/06\/premature-deaths.png\" alt=\"premature deaths\" width=\"174\" height=\"124\" \/><br \/>In qualit\u00e0 di professori, educatori o genitori, troverete in Noi e l\u2019Aria uno strumento educativo completo, accattivante, di facile utilizzo, divertente ed esaustivo che vi permetter\u00e0 di sensibilizzare bimbi e studenti alle problematiche connesse alla qualit\u00e0 dell\u2019aria. \u00a0<\/p>\n<div id=\"\" class=\"wpsestyles green-message\">\n<h4>Noi e l\u2019Aria \u00e8 uno strumento cooperativo in costante evoluzione. Con l\u2019obiettivo di un continuo e costante miglioramento, le vostre opinioni sono importanti per noi. Ecco perch\u00e8 vi chiediamo, dopo aver realizzato una lezione con i nostri strumenti didattici, di farci avere i vostri commenti e opinioni compilando l\u2019apposito modulo \u00ab\u00a0un minuto per Noi e l\u2019Aria\u00a0\u00bb oppure contattandoci. \u00a0<\/h4>\n<\/div>\n<p>&nbsp;<\/p>\n<p><a class=\"wpsebtn\" id=\"btn-0d29b030-140d-82bd-5a61-7b993afaa74a\" data-font-size=\"13\" data-color=\"#ffffff\" data-background=\"#2196F3\" data-padding-left=\"12\" data-padding-top=\"6\" data-padding-right=\"12\" data-padding-bottom=\"6\" data-border-width=\"1\" data-border-radius=\"0\" data-border-color=\"#2196F3\" data-color-hover=\"#ffffff\" data-background-hover=\"#2196F3\" data-box-shadow-color-hover=\"#bababa\" data-box-shadow-horz-hover=\"3\" data-box-shadow-vert-hover=\"3\" data-box-shadow-blur-hover=\"3\" data-box-shadow-spread-hover=\"0\" data-text=\"Button text\" href=\"http:\/\/airandme.org\/it\/discover-air-and-me\/air-and-me-in-the-media\/\" type=\"button\">Noi e l\u2019Aria sui media<\/a><\/p>\n<p>&nbsp;<\/p>\n<p>&nbsp;<\/p>\n<div id=\"style-btn-0d29b030-140d-82bd-5a61-7b993afaa74a\">\n<style class=\"style-btn\"><!--\n#btn-0d29b030-140d-82bd-5a61-7b993afaa74a {font-size: 13px;color: #ffffff;background: #2196F3;padding-left: 12px;padding-top: 6px;padding-right: 12px;padding-bottom: 6px;border-width: 1px;border-radius: 0px;-moz-border-radius: 0px;-webkit-border-radius: 0px;border-color: #2196F3;} #btn-0d29b030-140d-82bd-5a61-7b993afaa74a:hover {background: #2196F3;color: #ffffff;box-shadow: 3px 3px 3px 0px #bababa;-moz-box-shadow: 3px 3px 3px 0px #bababa;-webkit-box-shadow: 3px 3px 3px 0px #bababa;}\n--><\/style>\n<\/div>\n","protected":false},"excerpt":{"rendered":"<p>Bambini, professori, educatori e genitori Noi e l\u2019Aria \u00e8 un insieme di strumenti pedagogici gratuito (per un singolo operatore) creato per i professori, gli educatori ed i genitori che hanno intenzione di sensibilizzare i bambini e i giovani sul tema dell\u2019inquinamento atmosferico. In qualit\u00e0 di professori, educatori o genitori, troverete in Noi e l\u2019Aria uno&hellip; <br \/> <a class=\"button small blue\" href=\"https:\/\/test.airandme.org\/it\/discover-air-and-me\/who-is-it-for-why-join\/\">Leggi tutto<\/a><\/p>\n","protected":false},"author":1,"featured_media":0,"parent":2,"menu_order":3,"comment_status":"closed","ping_status":"closed","template":"","meta":{"footnotes":""},"class_list":["post-119","page","type-page","status-publish","hentry"],"yoast_head":"<!-- This site is optimized with the Yoast SEO plugin v26.8 - https:\/\/yoast.com\/product\/yoast-seo-wordpress\/ -->\n<title>A chi \u00e8 adatto ? Per quale quale motivo ?<\/title>\n<meta name=\"robots\" content=\"index, follow, max-snippet:-1, max-image-preview:large, max-video-preview:-1\" \/>\n<link rel=\"canonical\" href=\"https:\/\/test.airandme.org\/it\/discover-air-and-me\/who-is-it-for-why-join\/\" \/>\n<meta property=\"og:locale\" content=\"it_IT\" \/>\n<meta property=\"og:locale:alternate\" content=\"en_US\" \/>\n<meta property=\"og:locale:alternate\" content=\"fr_FR\" \/>\n<meta property=\"og:locale:alternate\" content=\"es\" \/>\n<meta property=\"og:locale:alternate\" content=\"de\" \/>\n<meta property=\"og:locale:alternate\" content=\"ar\" \/>\n<meta property=\"og:locale:alternate\" content=\"da\" \/>\n<meta property=\"og:locale:alternate\" content=\"zh\" \/>\n<meta property=\"og:locale:alternate\" content=\"pl\" \/>\n<meta property=\"og:type\" content=\"article\" \/>\n<meta property=\"og:title\" content=\"A chi \u00e8 adatto ? Per quale quale motivo ?\" \/>\n<meta property=\"og:description\" content=\"Bambini, professori, educatori e genitori Noi e l\u2019Aria \u00e8 un insieme di strumenti pedagogici gratuito (per un singolo operatore) creato per i professori, gli educatori ed i genitori che hanno intenzione di sensibilizzare i bambini e i giovani sul tema dell\u2019inquinamento atmosferico. In qualit\u00e0 di professori, educatori o genitori, troverete in Noi e l\u2019Aria uno&hellip; Leggi tutto\" \/>\n<meta property=\"og:url\" content=\"https:\/\/test.airandme.org\/it\/discover-air-and-me\/who-is-it-for-why-join\/\" \/>\n<meta property=\"og:site_name\" content=\"Air and Me\" \/>\n<meta property=\"article:publisher\" content=\"https:\/\/www.facebook.com\/lairetmoi\/\" \/>\n<meta property=\"article:modified_time\" content=\"2019-08-19T09:48:22+00:00\" \/>\n<meta property=\"og:image\" content=\"http:\/\/airandme.org\/wp-content\/uploads\/2018\/06\/premature-deaths.png\" \/>\n<meta name=\"twitter:card\" content=\"summary_large_image\" \/>\n<meta name=\"twitter:site\" content=\"@lairetmoi\" \/>\n<meta name=\"twitter:label1\" content=\"Tempo di lettura stimato\" \/>\n\t<meta name=\"twitter:data1\" content=\"5 minuti\" \/>\n<script type=\"application\/ld+json\" class=\"yoast-schema-graph\">{\"@context\":\"https:\/\/schema.org\",\"@graph\":[{\"@type\":\"WebPage\",\"@id\":\"https:\/\/test.airandme.org\/de\/discover-air-and-me\/who-is-it-for-why-join\/\",\"url\":\"https:\/\/test.airandme.org\/de\/discover-air-and-me\/who-is-it-for-why-join\/\",\"name\":\"A chi \u00e8 adatto ? Per quale quale motivo ?\",\"isPartOf\":{\"@id\":\"https:\/\/test.airandme.org\/de\/#website\"},\"primaryImageOfPage\":{\"@id\":\"https:\/\/test.airandme.org\/de\/discover-air-and-me\/who-is-it-for-why-join\/#primaryimage\"},\"image\":{\"@id\":\"https:\/\/test.airandme.org\/de\/discover-air-and-me\/who-is-it-for-why-join\/#primaryimage\"},\"thumbnailUrl\":\"http:\/\/airandme.org\/wp-content\/uploads\/2018\/06\/premature-deaths.png\",\"datePublished\":\"2018-03-26T08:28:01+00:00\",\"dateModified\":\"2019-08-19T09:48:22+00:00\",\"breadcrumb\":{\"@id\":\"https:\/\/test.airandme.org\/de\/discover-air-and-me\/who-is-it-for-why-join\/#breadcrumb\"},\"inLanguage\":\"it\",\"potentialAction\":[{\"@type\":\"ReadAction\",\"target\":[\"https:\/\/test.airandme.org\/de\/discover-air-and-me\/who-is-it-for-why-join\/\"]}]},{\"@type\":\"ImageObject\",\"inLanguage\":\"it\",\"@id\":\"https:\/\/test.airandme.org\/de\/discover-air-and-me\/who-is-it-for-why-join\/#primaryimage\",\"url\":\"http:\/\/airandme.org\/wp-content\/uploads\/2018\/06\/premature-deaths.png\",\"contentUrl\":\"http:\/\/airandme.org\/wp-content\/uploads\/2018\/06\/premature-deaths.png\"},{\"@type\":\"BreadcrumbList\",\"@id\":\"https:\/\/test.airandme.org\/de\/discover-air-and-me\/who-is-it-for-why-join\/#breadcrumb\",\"itemListElement\":[{\"@type\":\"ListItem\",\"position\":1,\"name\":\"Accueil\",\"item\":\"https:\/\/test.airandme.org\/de\/\"},{\"@type\":\"ListItem\",\"position\":2,\"name\":\"Die Luft und Ich entdecken\",\"item\":\"https:\/\/test.airandme.org\/de\/discover-air-and-me\/\"},{\"@type\":\"ListItem\",\"position\":3,\"name\":\"F\u00fcr wen ? Warum ?\"}]},{\"@type\":\"WebSite\",\"@id\":\"https:\/\/test.airandme.org\/de\/#website\",\"url\":\"https:\/\/test.airandme.org\/de\/\",\"name\":\"Air and Me\",\"description\":\"\",\"publisher\":{\"@id\":\"https:\/\/test.airandme.org\/de\/#organization\"},\"potentialAction\":[{\"@type\":\"SearchAction\",\"target\":{\"@type\":\"EntryPoint\",\"urlTemplate\":\"https:\/\/test.airandme.org\/de\/?s={search_term_string}\"},\"query-input\":{\"@type\":\"PropertyValueSpecification\",\"valueRequired\":true,\"valueName\":\"search_term_string\"}}],\"inLanguage\":\"it\"},{\"@type\":\"Organization\",\"@id\":\"https:\/\/test.airandme.org\/de\/#organization\",\"name\":\"F\u00e9d\u00e9ration L'Air et Moi\",\"url\":\"https:\/\/test.airandme.org\/de\/\",\"logo\":{\"@type\":\"ImageObject\",\"inLanguage\":\"it\",\"@id\":\"https:\/\/test.airandme.org\/de\/#\/schema\/logo\/image\/\",\"url\":\"https:\/\/test.airandme.org\/wp-content\/uploads\/2018\/03\/AAME_.png\",\"contentUrl\":\"https:\/\/test.airandme.org\/wp-content\/uploads\/2018\/03\/AAME_.png\",\"width\":441,\"height\":179,\"caption\":\"F\u00e9d\u00e9ration L'Air et Moi\"},\"image\":{\"@id\":\"https:\/\/test.airandme.org\/de\/#\/schema\/logo\/image\/\"},\"sameAs\":[\"https:\/\/www.facebook.com\/lairetmoi\/\",\"https:\/\/x.com\/lairetmoi\",\"https:\/\/www.youtube.com\/channel\/UCcguTqo1uDOSJcik4GveZhw\"]}]}<\/script>\n<!-- \/ Yoast SEO plugin. -->","yoast_head_json":{"title":"A chi \u00e8 adatto ? Per quale quale motivo ?","robots":{"index":"index","follow":"follow","max-snippet":"max-snippet:-1","max-image-preview":"max-image-preview:large","max-video-preview":"max-video-preview:-1"},"canonical":"https:\/\/test.airandme.org\/it\/discover-air-and-me\/who-is-it-for-why-join\/","og_locale":"it_IT","og_type":"article","og_title":"[:en]Who is it for? Why Join?[:fr]Pour qui ? Pourquoi ?[:es]Para qui\u00e9n ? Porqu\u00e9[:it]A chi \u00e8 adatto ? Per quale quale motivo ?[:ar]\u0644\u0645\u0646\u061f \u0644\u0645\u0627\u0630\u0627\u061f[:da]Hvorfor ? Hvorfor ?[:pl]Dla kogo? Dlaczego?[:de]F\u00fcr wen ? Warum ?[:] &#183; Air and Me","og_description":"Bambini, professori, educatori e genitori Noi e l\u2019Aria \u00e8 un insieme di strumenti pedagogici gratuito (per un singolo operatore) creato per i professori, gli educatori ed i genitori che hanno intenzione di sensibilizzare i bambini e i giovani sul tema dell\u2019inquinamento atmosferico. In qualit\u00e0 di professori, educatori o genitori, troverete in Noi e l\u2019Aria uno&hellip; Leggi tutto","og_url":"https:\/\/test.airandme.org\/it\/discover-air-and-me\/who-is-it-for-why-join\/","og_site_name":"Air and Me","article_publisher":"https:\/\/www.facebook.com\/lairetmoi\/","article_modified_time":"2019-08-19T09:48:22+00:00","og_image":[{"url":"http:\/\/airandme.org\/wp-content\/uploads\/2018\/06\/premature-deaths.png","type":"","width":"","height":""}],"twitter_card":"summary_large_image","twitter_site":"@lairetmoi","twitter_misc":{"Tempo di lettura stimato":"5 minuti"},"schema":{"@context":"https:\/\/schema.org","@graph":[{"@type":"WebPage","@id":"https:\/\/test.airandme.org\/de\/discover-air-and-me\/who-is-it-for-why-join\/","url":"https:\/\/test.airandme.org\/de\/discover-air-and-me\/who-is-it-for-why-join\/","name":"A chi \u00e8 adatto ? Per quale quale motivo ?","isPartOf":{"@id":"https:\/\/test.airandme.org\/de\/#website"},"primaryImageOfPage":{"@id":"https:\/\/test.airandme.org\/de\/discover-air-and-me\/who-is-it-for-why-join\/#primaryimage"},"image":{"@id":"https:\/\/test.airandme.org\/de\/discover-air-and-me\/who-is-it-for-why-join\/#primaryimage"},"thumbnailUrl":"http:\/\/airandme.org\/wp-content\/uploads\/2018\/06\/premature-deaths.png","datePublished":"2018-03-26T08:28:01+00:00","dateModified":"2019-08-19T09:48:22+00:00","breadcrumb":{"@id":"https:\/\/test.airandme.org\/de\/discover-air-and-me\/who-is-it-for-why-join\/#breadcrumb"},"inLanguage":"it","potentialAction":[{"@type":"ReadAction","target":["https:\/\/test.airandme.org\/de\/discover-air-and-me\/who-is-it-for-why-join\/"]}]},{"@type":"ImageObject","inLanguage":"it","@id":"https:\/\/test.airandme.org\/de\/discover-air-and-me\/who-is-it-for-why-join\/#primaryimage","url":"http:\/\/airandme.org\/wp-content\/uploads\/2018\/06\/premature-deaths.png","contentUrl":"http:\/\/airandme.org\/wp-content\/uploads\/2018\/06\/premature-deaths.png"},{"@type":"BreadcrumbList","@id":"https:\/\/test.airandme.org\/de\/discover-air-and-me\/who-is-it-for-why-join\/#breadcrumb","itemListElement":[{"@type":"ListItem","position":1,"name":"Accueil","item":"https:\/\/test.airandme.org\/de\/"},{"@type":"ListItem","position":2,"name":"Die Luft und Ich entdecken","item":"https:\/\/test.airandme.org\/de\/discover-air-and-me\/"},{"@type":"ListItem","position":3,"name":"F\u00fcr wen ? Warum ?"}]},{"@type":"WebSite","@id":"https:\/\/test.airandme.org\/de\/#website","url":"https:\/\/test.airandme.org\/de\/","name":"Air and Me","description":"","publisher":{"@id":"https:\/\/test.airandme.org\/de\/#organization"},"potentialAction":[{"@type":"SearchAction","target":{"@type":"EntryPoint","urlTemplate":"https:\/\/test.airandme.org\/de\/?s={search_term_string}"},"query-input":{"@type":"PropertyValueSpecification","valueRequired":true,"valueName":"search_term_string"}}],"inLanguage":"it"},{"@type":"Organization","@id":"https:\/\/test.airandme.org\/de\/#organization","name":"F\u00e9d\u00e9ration L'Air et Moi","url":"https:\/\/test.airandme.org\/de\/","logo":{"@type":"ImageObject","inLanguage":"it","@id":"https:\/\/test.airandme.org\/de\/#\/schema\/logo\/image\/","url":"https:\/\/test.airandme.org\/wp-content\/uploads\/2018\/03\/AAME_.png","contentUrl":"https:\/\/test.airandme.org\/wp-content\/uploads\/2018\/03\/AAME_.png","width":441,"height":179,"caption":"F\u00e9d\u00e9ration L'Air et Moi"},"image":{"@id":"https:\/\/test.airandme.org\/de\/#\/schema\/logo\/image\/"},"sameAs":["https:\/\/www.facebook.com\/lairetmoi\/","https:\/\/x.com\/lairetmoi","https:\/\/www.youtube.com\/channel\/UCcguTqo1uDOSJcik4GveZhw"]}]}},"_links":{"self":[{"href":"https:\/\/test.airandme.org\/it\/wp-json\/wp\/v2\/pages\/119","targetHints":{"allow":["GET"]}}],"collection":[{"href":"https:\/\/test.airandme.org\/it\/wp-json\/wp\/v2\/pages"}],"about":[{"href":"https:\/\/test.airandme.org\/it\/wp-json\/wp\/v2\/types\/page"}],"author":[{"embeddable":true,"href":"https:\/\/test.airandme.org\/it\/wp-json\/wp\/v2\/users\/1"}],"replies":[{"embeddable":true,"href":"https:\/\/test.airandme.org\/it\/wp-json\/wp\/v2\/comments?post=119"}],"version-history":[{"count":0,"href":"https:\/\/test.airandme.org\/it\/wp-json\/wp\/v2\/pages\/119\/revisions"}],"up":[{"embeddable":true,"href":"https:\/\/test.airandme.org\/it\/wp-json\/wp\/v2\/pages\/2"}],"wp:attachment":[{"href":"https:\/\/test.airandme.org\/it\/wp-json\/wp\/v2\/media?parent=119"}],"curies":[{"name":"wp","href":"https:\/\/api.w.org\/{rel}","templated":true}]}}