{"id":2043,"date":"2020-05-06T11:38:07","date_gmt":"2020-05-06T09:38:07","guid":{"rendered":"https:\/\/airandme.org\/fr\/?page_id=2043"},"modified":"2021-12-15T17:20:25","modified_gmt":"2021-12-15T16:20:25","slug":"les-virus-et-nous","status":"publish","type":"page","link":"https:\/\/test.airandme.org\/it\/les-virus-et-nous\/","title":{"rendered":"Noi e i Virus"},"content":{"rendered":"<p><img decoding=\"async\" class=\"size-thumbnail wp-image-2393 aligncenter\" src=\"https:\/\/airandme.org\/wp-content\/uploads\/2020\/06\/Noi-e-i-virus-150x150.png\" alt=\"\" width=\"150\" height=\"150\" \/><\/p>\n<p style=\"text-align: center;\"><a class=\"wpsebtn\" id=\"btn-8d787098-42e1-cdd3-dc1c-6d5186fb9061\" data-text=\"Per saperne di pi\u00f9\" data-font-size=\"14\" data-color=\"#ffffff\" data-background=\"#0e83cd\" data-padding-left=\"12\" data-padding-top=\"6\" data-padding-right=\"12\" data-padding-bottom=\"6\" data-border-radius=\"5\" data-border-color=\"#357ebd\" data-border-width=\"1\" data-color-hover=\"#ffffff\" data-background-hover=\"#1990f9\" data-box-shadow-color-hover=\"#bababa\" data-box-shadow-horz-hover=\"3\" data-box-shadow-vert-hover=\"3\" data-box-shadow-blur-hover=\"3\" data-box-shadow-spread-hover=\"0\" href=\"https:\/\/www.noielaria.org\/noi-e-i-virus.html\" type=\"button\"> Per saperne di pi\u00f9 <\/a><\/p>\n<div id=\"style-btn-8d787098-42e1-cdd3-dc1c-6d5186fb9061\" style=\"text-align: center;\">\n<style class=\"style-btn\">#btn-8d787098-42e1-cdd3-dc1c-6d5186fb9061 {font-size: 14px;color: #ffffff;background: #0e83cd;padding-left: 12px;padding-top: 6px;padding-right: 12px;padding-bottom: 6px;border-radius: 5px;-moz-border-radius: 5px;-webkit-border-radius: 5px;border-color: #357ebd;border-width: 1px;} #btn-8d787098-42e1-cdd3-dc1c-6d5186fb9061:hover {background: #1990f9;color: #ffffff;box-shadow: 3px 3px 3px 0px #bababa;-moz-box-shadow: 3px 3px 3px 0px #bababa;-webkit-box-shadow: 3px 3px 3px 0px #bababa;}<\/style>\n<\/div>\n","protected":false},"excerpt":{"rendered":"<p>Per saperne di pi\u00f9<\/p>\n","protected":false},"author":1,"featured_media":0,"parent":0,"menu_order":0,"comment_status":"closed","ping_status":"closed","template":"","meta":{"footnotes":""},"class_list":["post-2043","page","type-page","status-publish","hentry"],"yoast_head":"<!-- This site is optimized with the Yoast SEO plugin v26.8 - https:\/\/yoast.com\/product\/yoast-seo-wordpress\/ -->\n<title>Noi e i Virus<\/title>\n<meta name=\"robots\" content=\"index, follow, max-snippet:-1, max-image-preview:large, max-video-preview:-1\" \/>\n<link rel=\"canonical\" href=\"https:\/\/test.airandme.org\/it\/les-virus-et-nous\/\" \/>\n<meta property=\"og:locale\" content=\"it_IT\" \/>\n<meta property=\"og:locale:alternate\" content=\"en_US\" \/>\n<meta property=\"og:locale:alternate\" content=\"fr_FR\" \/>\n<meta property=\"og:locale:alternate\" content=\"es\" \/>\n<meta property=\"og:locale:alternate\" content=\"de\" \/>\n<meta property=\"og:locale:alternate\" content=\"ar\" \/>\n<meta property=\"og:locale:alternate\" content=\"da\" \/>\n<meta property=\"og:locale:alternate\" content=\"zh\" \/>\n<meta property=\"og:locale:alternate\" content=\"pl\" \/>\n<meta property=\"og:type\" content=\"article\" \/>\n<meta property=\"og:title\" content=\"Noi e i Virus\" \/>\n<meta property=\"og:description\" content=\"Per saperne di pi\u00f9\" \/>\n<meta property=\"og:url\" content=\"https:\/\/test.airandme.org\/it\/les-virus-et-nous\/\" \/>\n<meta property=\"og:site_name\" content=\"Air and Me\" \/>\n<meta property=\"article:publisher\" content=\"https:\/\/www.facebook.com\/lairetmoi\/\" \/>\n<meta property=\"article:modified_time\" content=\"2021-12-15T16:20:25+00:00\" \/>\n<meta property=\"og:image\" content=\"https:\/\/airandme.org\/wp-content\/uploads\/2020\/05\/logoVeN-vecteur-anglais.png\" \/>\n<meta name=\"twitter:card\" content=\"summary_large_image\" \/>\n<meta name=\"twitter:site\" content=\"@lairetmoi\" \/>\n<meta name=\"twitter:label1\" content=\"Tempo di lettura stimato\" \/>\n\t<meta name=\"twitter:data1\" content=\"11 minuti\" \/>\n<script type=\"application\/ld+json\" class=\"yoast-schema-graph\">{\"@context\":\"https:\/\/schema.org\",\"@graph\":[{\"@type\":\"WebPage\",\"@id\":\"https:\/\/test.airandme.org\/it\/les-virus-et-nous\/\",\"url\":\"https:\/\/test.airandme.org\/it\/les-virus-et-nous\/\",\"name\":\"Noi e i Virus\",\"isPartOf\":{\"@id\":\"https:\/\/test.airandme.org\/de\/#website\"},\"primaryImageOfPage\":{\"@id\":\"https:\/\/test.airandme.org\/it\/les-virus-et-nous\/#primaryimage\"},\"image\":{\"@id\":\"https:\/\/test.airandme.org\/it\/les-virus-et-nous\/#primaryimage\"},\"thumbnailUrl\":\"https:\/\/airandme.org\/wp-content\/uploads\/2020\/05\/logoVeN-vecteur-anglais.png\",\"datePublished\":\"2020-05-06T09:38:07+00:00\",\"dateModified\":\"2021-12-15T16:20:25+00:00\",\"breadcrumb\":{\"@id\":\"https:\/\/test.airandme.org\/it\/les-virus-et-nous\/#breadcrumb\"},\"inLanguage\":\"it\",\"potentialAction\":[{\"@type\":\"ReadAction\",\"target\":[\"https:\/\/test.airandme.org\/it\/les-virus-et-nous\/\"]}]},{\"@type\":\"ImageObject\",\"inLanguage\":\"it\",\"@id\":\"https:\/\/test.airandme.org\/it\/les-virus-et-nous\/#primaryimage\",\"url\":\"https:\/\/airandme.org\/wp-content\/uploads\/2020\/05\/logoVeN-vecteur-anglais.png\",\"contentUrl\":\"https:\/\/airandme.org\/wp-content\/uploads\/2020\/05\/logoVeN-vecteur-anglais.png\"},{\"@type\":\"BreadcrumbList\",\"@id\":\"https:\/\/test.airandme.org\/it\/les-virus-et-nous\/#breadcrumb\",\"itemListElement\":[{\"@type\":\"ListItem\",\"position\":1,\"name\":\"Accueil\",\"item\":\"https:\/\/test.airandme.org\/de\/\"},{\"@type\":\"ListItem\",\"position\":2,\"name\":\"Noi e i Virus\"}]},{\"@type\":\"WebSite\",\"@id\":\"https:\/\/test.airandme.org\/de\/#website\",\"url\":\"https:\/\/test.airandme.org\/de\/\",\"name\":\"Air and Me\",\"description\":\"\",\"publisher\":{\"@id\":\"https:\/\/test.airandme.org\/de\/#organization\"},\"potentialAction\":[{\"@type\":\"SearchAction\",\"target\":{\"@type\":\"EntryPoint\",\"urlTemplate\":\"https:\/\/test.airandme.org\/de\/?s={search_term_string}\"},\"query-input\":{\"@type\":\"PropertyValueSpecification\",\"valueRequired\":true,\"valueName\":\"search_term_string\"}}],\"inLanguage\":\"it\"},{\"@type\":\"Organization\",\"@id\":\"https:\/\/test.airandme.org\/de\/#organization\",\"name\":\"F\u00e9d\u00e9ration L'Air et Moi\",\"url\":\"https:\/\/test.airandme.org\/de\/\",\"logo\":{\"@type\":\"ImageObject\",\"inLanguage\":\"it\",\"@id\":\"https:\/\/test.airandme.org\/de\/#\/schema\/logo\/image\/\",\"url\":\"https:\/\/test.airandme.org\/wp-content\/uploads\/2018\/03\/AAME_.png\",\"contentUrl\":\"https:\/\/test.airandme.org\/wp-content\/uploads\/2018\/03\/AAME_.png\",\"width\":441,\"height\":179,\"caption\":\"F\u00e9d\u00e9ration L'Air et Moi\"},\"image\":{\"@id\":\"https:\/\/test.airandme.org\/de\/#\/schema\/logo\/image\/\"},\"sameAs\":[\"https:\/\/www.facebook.com\/lairetmoi\/\",\"https:\/\/x.com\/lairetmoi\",\"https:\/\/www.youtube.com\/channel\/UCcguTqo1uDOSJcik4GveZhw\"]}]}<\/script>\n<!-- \/ Yoast SEO plugin. -->","yoast_head_json":{"title":"Noi e i Virus","robots":{"index":"index","follow":"follow","max-snippet":"max-snippet:-1","max-image-preview":"max-image-preview:large","max-video-preview":"max-video-preview:-1"},"canonical":"https:\/\/test.airandme.org\/it\/les-virus-et-nous\/","og_locale":"it_IT","og_type":"article","og_title":"[:en]The Viruses and Us[:fr]Les Virus et Nous \/ T\u00e9l\u00e9chargements[:it]Noi e i Virus[:] &#183; Air and Me","og_description":"Per saperne di pi\u00f9","og_url":"https:\/\/test.airandme.org\/it\/les-virus-et-nous\/","og_site_name":"Air and Me","article_publisher":"https:\/\/www.facebook.com\/lairetmoi\/","article_modified_time":"2021-12-15T16:20:25+00:00","og_image":[{"url":"https:\/\/airandme.org\/wp-content\/uploads\/2020\/05\/logoVeN-vecteur-anglais.png","type":"","width":"","height":""}],"twitter_card":"summary_large_image","twitter_site":"@lairetmoi","twitter_misc":{"Tempo di lettura stimato":"11 minuti"},"schema":{"@context":"https:\/\/schema.org","@graph":[{"@type":"WebPage","@id":"https:\/\/test.airandme.org\/it\/les-virus-et-nous\/","url":"https:\/\/test.airandme.org\/it\/les-virus-et-nous\/","name":"Noi e i Virus","isPartOf":{"@id":"https:\/\/test.airandme.org\/de\/#website"},"primaryImageOfPage":{"@id":"https:\/\/test.airandme.org\/it\/les-virus-et-nous\/#primaryimage"},"image":{"@id":"https:\/\/test.airandme.org\/it\/les-virus-et-nous\/#primaryimage"},"thumbnailUrl":"https:\/\/airandme.org\/wp-content\/uploads\/2020\/05\/logoVeN-vecteur-anglais.png","datePublished":"2020-05-06T09:38:07+00:00","dateModified":"2021-12-15T16:20:25+00:00","breadcrumb":{"@id":"https:\/\/test.airandme.org\/it\/les-virus-et-nous\/#breadcrumb"},"inLanguage":"it","potentialAction":[{"@type":"ReadAction","target":["https:\/\/test.airandme.org\/it\/les-virus-et-nous\/"]}]},{"@type":"ImageObject","inLanguage":"it","@id":"https:\/\/test.airandme.org\/it\/les-virus-et-nous\/#primaryimage","url":"https:\/\/airandme.org\/wp-content\/uploads\/2020\/05\/logoVeN-vecteur-anglais.png","contentUrl":"https:\/\/airandme.org\/wp-content\/uploads\/2020\/05\/logoVeN-vecteur-anglais.png"},{"@type":"BreadcrumbList","@id":"https:\/\/test.airandme.org\/it\/les-virus-et-nous\/#breadcrumb","itemListElement":[{"@type":"ListItem","position":1,"name":"Accueil","item":"https:\/\/test.airandme.org\/de\/"},{"@type":"ListItem","position":2,"name":"Noi e i Virus"}]},{"@type":"WebSite","@id":"https:\/\/test.airandme.org\/de\/#website","url":"https:\/\/test.airandme.org\/de\/","name":"Air and Me","description":"","publisher":{"@id":"https:\/\/test.airandme.org\/de\/#organization"},"potentialAction":[{"@type":"SearchAction","target":{"@type":"EntryPoint","urlTemplate":"https:\/\/test.airandme.org\/de\/?s={search_term_string}"},"query-input":{"@type":"PropertyValueSpecification","valueRequired":true,"valueName":"search_term_string"}}],"inLanguage":"it"},{"@type":"Organization","@id":"https:\/\/test.airandme.org\/de\/#organization","name":"F\u00e9d\u00e9ration L'Air et Moi","url":"https:\/\/test.airandme.org\/de\/","logo":{"@type":"ImageObject","inLanguage":"it","@id":"https:\/\/test.airandme.org\/de\/#\/schema\/logo\/image\/","url":"https:\/\/test.airandme.org\/wp-content\/uploads\/2018\/03\/AAME_.png","contentUrl":"https:\/\/test.airandme.org\/wp-content\/uploads\/2018\/03\/AAME_.png","width":441,"height":179,"caption":"F\u00e9d\u00e9ration L'Air et Moi"},"image":{"@id":"https:\/\/test.airandme.org\/de\/#\/schema\/logo\/image\/"},"sameAs":["https:\/\/www.facebook.com\/lairetmoi\/","https:\/\/x.com\/lairetmoi","https:\/\/www.youtube.com\/channel\/UCcguTqo1uDOSJcik4GveZhw"]}]}},"_links":{"self":[{"href":"https:\/\/test.airandme.org\/it\/wp-json\/wp\/v2\/pages\/2043","targetHints":{"allow":["GET"]}}],"collection":[{"href":"https:\/\/test.airandme.org\/it\/wp-json\/wp\/v2\/pages"}],"about":[{"href":"https:\/\/test.airandme.org\/it\/wp-json\/wp\/v2\/types\/page"}],"author":[{"embeddable":true,"href":"https:\/\/test.airandme.org\/it\/wp-json\/wp\/v2\/users\/1"}],"replies":[{"embeddable":true,"href":"https:\/\/test.airandme.org\/it\/wp-json\/wp\/v2\/comments?post=2043"}],"version-history":[{"count":1,"href":"https:\/\/test.airandme.org\/it\/wp-json\/wp\/v2\/pages\/2043\/revisions"}],"predecessor-version":[{"id":2949,"href":"https:\/\/test.airandme.org\/it\/wp-json\/wp\/v2\/pages\/2043\/revisions\/2949"}],"wp:attachment":[{"href":"https:\/\/test.airandme.org\/it\/wp-json\/wp\/v2\/media?parent=2043"}],"curies":[{"name":"wp","href":"https:\/\/api.w.org\/{rel}","templated":true}]}}