{"id":119,"date":"2018-03-26T10:28:01","date_gmt":"2018-03-26T08:28:01","guid":{"rendered":"http:\/\/airandme.org\/?page_id=119"},"modified":"2019-08-19T11:48:22","modified_gmt":"2019-08-19T09:48:22","slug":"who-is-it-for-why-join","status":"publish","type":"page","link":"https:\/\/test.airandme.org\/zh\/discover-air-and-me\/who-is-it-for-why-join\/","title":{"rendered":"Who is it for? Why Join?"},"content":{"rendered":"<h2>Children, teachers, facilitators &#038; parents<\/h2>\n<p><strong>Air and Me is an educational tool<\/strong> designed <strong>for teachers, facilitators and parents who are willing to help children understand how crucial theair quality is<\/strong>.<\/p>\n<p><img decoding=\"async\" class=\"wp-image-918  alignright\" src=\"http:\/\/airandme.org\/wp-content\/uploads\/2018\/06\/premature-deaths.png\" alt=\"premature deaths\" width=\"174\" height=\"124\" \/><br \/>As a teacher or parent, you will find with <strong>Air and Me an easy, complete and attractive way to increase your children and students awareness on air quality<\/strong> and pollution issues.<\/p>\n<div id=\"\" class=\"wpsestyles green-message\">\n<h4><span style=\"color: #000000;\">Air and Me is a <strong>collaborative creation<\/strong> and a constantly evolving tool. In order to keep it updated, and to improve it continuously, <strong>your feedback is very important to us!<\/strong> That\u2019s why <strong>after using our tools, we kindly invite you to send us your commentaries through the link <a href=\"http:\/\/airandme.org\/who-is-air-and-me\/contact\/\"><span style=\"color: #ffff00;\">contact us<\/span><\/a>. <\/strong><\/span><\/h4>\n<\/div>\n<p>&nbsp;<\/p>\n<p><a class=\"wpsebtn\" id=\"btn-0d29b030-140d-82bd-5a61-7b993afaa74a\" data-font-size=\"13\" data-color=\"#ffffff\" data-background=\"#2196F3\" data-padding-left=\"12\" data-padding-top=\"6\" data-padding-right=\"12\" data-padding-bottom=\"6\" data-border-width=\"1\" data-border-radius=\"0\" data-border-color=\"#2196F3\" data-color-hover=\"#ffffff\" data-background-hover=\"#2196F3\" data-box-shadow-color-hover=\"#bababa\" data-box-shadow-horz-hover=\"3\" data-box-shadow-vert-hover=\"3\" data-box-shadow-blur-hover=\"3\" data-box-shadow-spread-hover=\"0\" data-text=\"Button text\" href=\"http:\/\/airandme.org\/discover-air-and-me\/air-and-me-in-the-media\/\" type=\"button\">Air and Me in the media<\/a><\/p>\n<p>&nbsp;<\/p>\n<p>&nbsp;<\/p>\n<div id=\"style-btn-0d29b030-140d-82bd-5a61-7b993afaa74a\">\n<style class=\"style-btn\"><!--\n#btn-0d29b030-140d-82bd-5a61-7b993afaa74a {font-size: 13px;color: #ffffff;background: #2196F3;padding-left: 12px;padding-top: 6px;padding-right: 12px;padding-bottom: 6px;border-width: 1px;border-radius: 0px;-moz-border-radius: 0px;-webkit-border-radius: 0px;border-color: #2196F3;} #btn-0d29b030-140d-82bd-5a61-7b993afaa74a:hover {background: #2196F3;color: #ffffff;box-shadow: 3px 3px 3px 0px #bababa;-moz-box-shadow: 3px 3px 3px 0px #bababa;-webkit-box-shadow: 3px 3px 3px 0px #bababa;}\n--><\/style>\n<\/div>\n","protected":false},"excerpt":{"rendered":"<p>Children, teachers, facilitators &#038; parents Air and&hellip; <br \/> <a class=\"button small blue\" href=\"https:\/\/test.airandme.org\/zh\/discover-air-and-me\/who-is-it-for-why-join\/\">Read more<\/a><\/p>\n","protected":false},"author":1,"featured_media":0,"parent":2,"menu_order":3,"comment_status":"closed","ping_status":"closed","template":"","meta":{"footnotes":""},"class_list":["post-119","page","type-page","status-publish","hentry"],"yoast_head":"<!-- This site is optimized with the Yoast SEO plugin v26.8 - https:\/\/yoast.com\/product\/yoast-seo-wordpress\/ -->\n<title>Who is it for? Why Join?<\/title>\n<meta name=\"robots\" content=\"index, follow, max-snippet:-1, max-image-preview:large, max-video-preview:-1\" \/>\n<link rel=\"canonical\" href=\"https:\/\/test.airandme.org\/zh\/discover-air-and-me\/who-is-it-for-why-join\/\" \/>\n<meta property=\"og:locale\" content=\"zh_HK\" \/>\n<meta property=\"og:locale:alternate\" content=\"en_US\" \/>\n<meta property=\"og:locale:alternate\" content=\"fr_FR\" \/>\n<meta property=\"og:locale:alternate\" content=\"es\" \/>\n<meta property=\"og:locale:alternate\" content=\"it\" \/>\n<meta property=\"og:locale:alternate\" content=\"de\" \/>\n<meta property=\"og:locale:alternate\" content=\"ar\" \/>\n<meta property=\"og:locale:alternate\" content=\"da\" \/>\n<meta property=\"og:locale:alternate\" content=\"pl\" \/>\n<meta property=\"og:type\" content=\"article\" \/>\n<meta property=\"og:title\" content=\"Who is it for? Why Join?\" \/>\n<meta property=\"og:description\" content=\"Children, teachers, facilitators &amp; parents Air and&hellip; Read more\" \/>\n<meta property=\"og:url\" content=\"https:\/\/test.airandme.org\/zh\/discover-air-and-me\/who-is-it-for-why-join\/\" \/>\n<meta property=\"og:site_name\" content=\"Air and Me\" \/>\n<meta property=\"article:publisher\" content=\"https:\/\/www.facebook.com\/lairetmoi\/\" \/>\n<meta property=\"article:modified_time\" content=\"2019-08-19T09:48:22+00:00\" \/>\n<meta property=\"og:image\" content=\"http:\/\/airandme.org\/wp-content\/uploads\/2018\/06\/premature-deaths.png\" \/>\n<meta name=\"twitter:card\" content=\"summary_large_image\" \/>\n<meta name=\"twitter:site\" content=\"@lairetmoi\" \/>\n<meta name=\"twitter:label1\" content=\"\u9810\u8a08\u95b1\u8b80\u6642\u9593\" \/>\n\t<meta name=\"twitter:data1\" content=\"5 \u5206\u9418\" \/>\n<script type=\"application\/ld+json\" class=\"yoast-schema-graph\">{\"@context\":\"https:\/\/schema.org\",\"@graph\":[{\"@type\":\"WebPage\",\"@id\":\"https:\/\/test.airandme.org\/de\/discover-air-and-me\/who-is-it-for-why-join\/\",\"url\":\"https:\/\/test.airandme.org\/de\/discover-air-and-me\/who-is-it-for-why-join\/\",\"name\":\"Who is it for? Why Join?\",\"isPartOf\":{\"@id\":\"https:\/\/test.airandme.org\/de\/#website\"},\"primaryImageOfPage\":{\"@id\":\"https:\/\/test.airandme.org\/de\/discover-air-and-me\/who-is-it-for-why-join\/#primaryimage\"},\"image\":{\"@id\":\"https:\/\/test.airandme.org\/de\/discover-air-and-me\/who-is-it-for-why-join\/#primaryimage\"},\"thumbnailUrl\":\"http:\/\/airandme.org\/wp-content\/uploads\/2018\/06\/premature-deaths.png\",\"datePublished\":\"2018-03-26T08:28:01+00:00\",\"dateModified\":\"2019-08-19T09:48:22+00:00\",\"breadcrumb\":{\"@id\":\"https:\/\/test.airandme.org\/de\/discover-air-and-me\/who-is-it-for-why-join\/#breadcrumb\"},\"inLanguage\":\"zh\",\"potentialAction\":[{\"@type\":\"ReadAction\",\"target\":[\"https:\/\/test.airandme.org\/de\/discover-air-and-me\/who-is-it-for-why-join\/\"]}]},{\"@type\":\"ImageObject\",\"inLanguage\":\"zh\",\"@id\":\"https:\/\/test.airandme.org\/de\/discover-air-and-me\/who-is-it-for-why-join\/#primaryimage\",\"url\":\"http:\/\/airandme.org\/wp-content\/uploads\/2018\/06\/premature-deaths.png\",\"contentUrl\":\"http:\/\/airandme.org\/wp-content\/uploads\/2018\/06\/premature-deaths.png\"},{\"@type\":\"BreadcrumbList\",\"@id\":\"https:\/\/test.airandme.org\/de\/discover-air-and-me\/who-is-it-for-why-join\/#breadcrumb\",\"itemListElement\":[{\"@type\":\"ListItem\",\"position\":1,\"name\":\"Accueil\",\"item\":\"https:\/\/test.airandme.org\/de\/\"},{\"@type\":\"ListItem\",\"position\":2,\"name\":\"Die Luft und Ich entdecken\",\"item\":\"https:\/\/test.airandme.org\/de\/discover-air-and-me\/\"},{\"@type\":\"ListItem\",\"position\":3,\"name\":\"F\u00fcr wen ? Warum ?\"}]},{\"@type\":\"WebSite\",\"@id\":\"https:\/\/test.airandme.org\/de\/#website\",\"url\":\"https:\/\/test.airandme.org\/de\/\",\"name\":\"Air and Me\",\"description\":\"\",\"publisher\":{\"@id\":\"https:\/\/test.airandme.org\/de\/#organization\"},\"potentialAction\":[{\"@type\":\"SearchAction\",\"target\":{\"@type\":\"EntryPoint\",\"urlTemplate\":\"https:\/\/test.airandme.org\/de\/?s={search_term_string}\"},\"query-input\":{\"@type\":\"PropertyValueSpecification\",\"valueRequired\":true,\"valueName\":\"search_term_string\"}}],\"inLanguage\":\"zh\"},{\"@type\":\"Organization\",\"@id\":\"https:\/\/test.airandme.org\/de\/#organization\",\"name\":\"F\u00e9d\u00e9ration L'Air et Moi\",\"url\":\"https:\/\/test.airandme.org\/de\/\",\"logo\":{\"@type\":\"ImageObject\",\"inLanguage\":\"zh\",\"@id\":\"https:\/\/test.airandme.org\/de\/#\/schema\/logo\/image\/\",\"url\":\"https:\/\/test.airandme.org\/wp-content\/uploads\/2018\/03\/AAME_.png\",\"contentUrl\":\"https:\/\/test.airandme.org\/wp-content\/uploads\/2018\/03\/AAME_.png\",\"width\":441,\"height\":179,\"caption\":\"F\u00e9d\u00e9ration L'Air et Moi\"},\"image\":{\"@id\":\"https:\/\/test.airandme.org\/de\/#\/schema\/logo\/image\/\"},\"sameAs\":[\"https:\/\/www.facebook.com\/lairetmoi\/\",\"https:\/\/x.com\/lairetmoi\",\"https:\/\/www.youtube.com\/channel\/UCcguTqo1uDOSJcik4GveZhw\"]}]}<\/script>\n<!-- \/ Yoast SEO plugin. -->","yoast_head_json":{"title":"Who is it for? Why Join?","robots":{"index":"index","follow":"follow","max-snippet":"max-snippet:-1","max-image-preview":"max-image-preview:large","max-video-preview":"max-video-preview:-1"},"canonical":"https:\/\/test.airandme.org\/zh\/discover-air-and-me\/who-is-it-for-why-join\/","og_locale":"zh_HK","og_type":"article","og_title":"[:en]Who is it for? Why Join?[:fr]Pour qui ? Pourquoi ?[:es]Para qui\u00e9n ? Porqu\u00e9[:it]A chi \u00e8 adatto ? Per quale quale motivo ?[:ar]\u0644\u0645\u0646\u061f \u0644\u0645\u0627\u0630\u0627\u061f[:da]Hvorfor ? Hvorfor ?[:pl]Dla kogo? Dlaczego?[:de]F\u00fcr wen ? Warum ?[:] &#183; Air and Me","og_description":"Children, teachers, facilitators &#038; parents Air and&hellip; Read more","og_url":"https:\/\/test.airandme.org\/zh\/discover-air-and-me\/who-is-it-for-why-join\/","og_site_name":"Air and Me","article_publisher":"https:\/\/www.facebook.com\/lairetmoi\/","article_modified_time":"2019-08-19T09:48:22+00:00","og_image":[{"url":"http:\/\/airandme.org\/wp-content\/uploads\/2018\/06\/premature-deaths.png","type":"","width":"","height":""}],"twitter_card":"summary_large_image","twitter_site":"@lairetmoi","twitter_misc":{"\u9810\u8a08\u95b1\u8b80\u6642\u9593":"5 \u5206\u9418"},"schema":{"@context":"https:\/\/schema.org","@graph":[{"@type":"WebPage","@id":"https:\/\/test.airandme.org\/de\/discover-air-and-me\/who-is-it-for-why-join\/","url":"https:\/\/test.airandme.org\/de\/discover-air-and-me\/who-is-it-for-why-join\/","name":"Who is it for? Why Join?","isPartOf":{"@id":"https:\/\/test.airandme.org\/de\/#website"},"primaryImageOfPage":{"@id":"https:\/\/test.airandme.org\/de\/discover-air-and-me\/who-is-it-for-why-join\/#primaryimage"},"image":{"@id":"https:\/\/test.airandme.org\/de\/discover-air-and-me\/who-is-it-for-why-join\/#primaryimage"},"thumbnailUrl":"http:\/\/airandme.org\/wp-content\/uploads\/2018\/06\/premature-deaths.png","datePublished":"2018-03-26T08:28:01+00:00","dateModified":"2019-08-19T09:48:22+00:00","breadcrumb":{"@id":"https:\/\/test.airandme.org\/de\/discover-air-and-me\/who-is-it-for-why-join\/#breadcrumb"},"inLanguage":"zh","potentialAction":[{"@type":"ReadAction","target":["https:\/\/test.airandme.org\/de\/discover-air-and-me\/who-is-it-for-why-join\/"]}]},{"@type":"ImageObject","inLanguage":"zh","@id":"https:\/\/test.airandme.org\/de\/discover-air-and-me\/who-is-it-for-why-join\/#primaryimage","url":"http:\/\/airandme.org\/wp-content\/uploads\/2018\/06\/premature-deaths.png","contentUrl":"http:\/\/airandme.org\/wp-content\/uploads\/2018\/06\/premature-deaths.png"},{"@type":"BreadcrumbList","@id":"https:\/\/test.airandme.org\/de\/discover-air-and-me\/who-is-it-for-why-join\/#breadcrumb","itemListElement":[{"@type":"ListItem","position":1,"name":"Accueil","item":"https:\/\/test.airandme.org\/de\/"},{"@type":"ListItem","position":2,"name":"Die Luft und Ich entdecken","item":"https:\/\/test.airandme.org\/de\/discover-air-and-me\/"},{"@type":"ListItem","position":3,"name":"F\u00fcr wen ? Warum ?"}]},{"@type":"WebSite","@id":"https:\/\/test.airandme.org\/de\/#website","url":"https:\/\/test.airandme.org\/de\/","name":"Air and Me","description":"","publisher":{"@id":"https:\/\/test.airandme.org\/de\/#organization"},"potentialAction":[{"@type":"SearchAction","target":{"@type":"EntryPoint","urlTemplate":"https:\/\/test.airandme.org\/de\/?s={search_term_string}"},"query-input":{"@type":"PropertyValueSpecification","valueRequired":true,"valueName":"search_term_string"}}],"inLanguage":"zh"},{"@type":"Organization","@id":"https:\/\/test.airandme.org\/de\/#organization","name":"F\u00e9d\u00e9ration L'Air et Moi","url":"https:\/\/test.airandme.org\/de\/","logo":{"@type":"ImageObject","inLanguage":"zh","@id":"https:\/\/test.airandme.org\/de\/#\/schema\/logo\/image\/","url":"https:\/\/test.airandme.org\/wp-content\/uploads\/2018\/03\/AAME_.png","contentUrl":"https:\/\/test.airandme.org\/wp-content\/uploads\/2018\/03\/AAME_.png","width":441,"height":179,"caption":"F\u00e9d\u00e9ration L'Air et Moi"},"image":{"@id":"https:\/\/test.airandme.org\/de\/#\/schema\/logo\/image\/"},"sameAs":["https:\/\/www.facebook.com\/lairetmoi\/","https:\/\/x.com\/lairetmoi","https:\/\/www.youtube.com\/channel\/UCcguTqo1uDOSJcik4GveZhw"]}]}},"_links":{"self":[{"href":"https:\/\/test.airandme.org\/zh\/wp-json\/wp\/v2\/pages\/119","targetHints":{"allow":["GET"]}}],"collection":[{"href":"https:\/\/test.airandme.org\/zh\/wp-json\/wp\/v2\/pages"}],"about":[{"href":"https:\/\/test.airandme.org\/zh\/wp-json\/wp\/v2\/types\/page"}],"author":[{"embeddable":true,"href":"https:\/\/test.airandme.org\/zh\/wp-json\/wp\/v2\/users\/1"}],"replies":[{"embeddable":true,"href":"https:\/\/test.airandme.org\/zh\/wp-json\/wp\/v2\/comments?post=119"}],"version-history":[{"count":0,"href":"https:\/\/test.airandme.org\/zh\/wp-json\/wp\/v2\/pages\/119\/revisions"}],"up":[{"embeddable":true,"href":"https:\/\/test.airandme.org\/zh\/wp-json\/wp\/v2\/pages\/2"}],"wp:attachment":[{"href":"https:\/\/test.airandme.org\/zh\/wp-json\/wp\/v2\/media?parent=119"}],"curies":[{"name":"wp","href":"https:\/\/api.w.org\/{rel}","templated":true}]}}